{"id":19914561,"date":"2022-05-20T07:52:08","date_gmt":"2022-05-20T05:52:08","guid":{"rendered":"https:\/\/uvi.gg\/sl\/?post_type=product&#038;p=19914561"},"modified":"2026-04-05T18:16:10","modified_gmt":"2026-04-05T16:16:10","slug":"silikonska-kolesa-pro","status":"publish","type":"product","link":"https:\/\/uvi.gg\/sl\/izdelek\/silikonska-kolesa-pro\/","title":{"rendered":"Univerzalna Silikonska kolesa (5)"},"content":{"rendered":"<div class=\"wpb-content-wrapper\"><p>[vc_row full_width=&#8221;stretch_row&#8221; pix_particles_check=&#8221;&#8221; css=&#8221;.vc_custom_1759320858231{background-color: #F8F6F8 !important;}&#8221;][vc_column][vc_row_inner][vc_column_inner offset=&#8221;vc_hidden-lg vc_hidden-md&#8221;][vc_empty_space height=&#8221;30px&#8221;][\/vc_column_inner][\/vc_row_inner][vc_row_inner][vc_column_inner width=&#8221;1\/3&#8243;]<div class=\"animate-in d-inline-block w-100\" data-anim-type=\"fade-in-up\" data-anim-delay=\"100\"><div class=\"pix-shop-category card w-100 h-100 bg-custom pix-hover-item rounded-lg position-relative overflow-hidden  vc_custom_1631175635148  shadow-lg shadow-hover-lg text-left w-100 d-inline-block\" style=\"--pix-bg-color:#000000;\" ><img decoding=\"async\" srcset=\"https:\/\/uvi.gg\/sl\/wp-content\/uploads\/2021\/05\/Chairs-300x144.jpg 300w, https:\/\/uvi.gg\/sl\/wp-content\/uploads\/2021\/05\/Chairs-600x288.jpg 600w, https:\/\/uvi.gg\/sl\/wp-content\/uploads\/2021\/05\/Chairs-1024x492.jpg 1024w, https:\/\/uvi.gg\/sl\/wp-content\/uploads\/2021\/05\/Chairs-768x369.jpg 768w, https:\/\/uvi.gg\/sl\/wp-content\/uploads\/2021\/05\/Chairs.jpg 1079w\" src=\"https:\/\/uvi.gg\/sl\/wp-content\/uploads\/2021\/05\/Chairs-600x450.jpg\" class=\"card-img pix-bg-image pix-img-scale pix-opacity-6 rounded-lg pix-hover-opacity-8\" alt=\"Pisarni\u0161ki in gaming stoli\"><a href=\"#pix_popup_15818\" class=\"d-inline-block w-100 pix-img-overlay pix-p-20\">\n\t\t\t\t  \t<div class=\"badge bg-dark-opacity-3 font-weight-bold secondary-font text-white\" >17 Izdelki<\/div>\n\t\t\t\t    <h5 class=\"card-title font-weight-bold secondary-font text-white pix-my-10\" >Pisarni\u0161ki in gaming stoli<\/h5><span class=\"d-flex align-items-center secondary-font text-light-opacity-8\" ><span>Razi\u0161\u010di UVI stole<\/span><svg class=\"pixfort-icon pix-hover-right pix-hover-item text-20\" width=\"24\" height=\"24\"  data-name=\"Line\/pixfort-icon-arrow-right-2\" viewBox=\"2 2 20 20\"><polyline fill=\"none\" stroke=\"var(--pf-icon-color)\" stroke-linecap=\"round\" stroke-linejoin=\"round\" stroke-width=\"var(--pf-icon-stroke-width)\" points=\"9.5 17 14.5 12 9.5 7\"\/><\/svg><\/span><\/a>\n\t\t\t\t<\/div><\/div>[\/vc_column_inner][vc_column_inner width=&#8221;1\/3&#8243; offset=&#8221;vc_hidden-sm vc_hidden-xs&#8221;]<div class=\"animate-in d-inline-block w-100\" data-anim-type=\"fade-in-up\" data-anim-delay=\"100\"><div class=\"pix-shop-category card w-100 h-100 bg-custom pix-hover-item rounded-lg position-relative overflow-hidden  vc_custom_1631175639184  shadow-lg shadow-hover-lg text-left w-100 d-inline-block\" style=\"--pix-bg-color:#000000;\" ><img decoding=\"async\" srcset=\"https:\/\/uvi.gg\/sl\/wp-content\/uploads\/2021\/05\/Desks-300x144.jpg 300w, https:\/\/uvi.gg\/sl\/wp-content\/uploads\/2021\/05\/Desks-600x288.jpg 600w, https:\/\/uvi.gg\/sl\/wp-content\/uploads\/2021\/05\/Desks-1024x492.jpg 1024w, https:\/\/uvi.gg\/sl\/wp-content\/uploads\/2021\/05\/Desks-768x369.jpg 768w, https:\/\/uvi.gg\/sl\/wp-content\/uploads\/2021\/05\/Desks.jpg 1079w\" src=\"https:\/\/uvi.gg\/sl\/wp-content\/uploads\/2021\/05\/Desks-600x450.jpg\" class=\"card-img pix-bg-image pix-img-scale pix-opacity-6 rounded-lg pix-hover-opacity-8\" alt=\"Elektri\u010dne dvi\u017ene mize\"><a href=\"#pix_popup_15829\" class=\"d-inline-block w-100 pix-img-overlay pix-p-20\">\n\t\t\t\t  \t<div class=\"badge bg-dark-opacity-3 font-weight-bold secondary-font text-white\" >17 Izdelki<\/div>\n\t\t\t\t    <h5 class=\"card-title font-weight-bold secondary-font text-white pix-my-10\" >Elektri\u010dne dvi\u017ene mize<\/h5><span class=\"d-flex align-items-center secondary-font text-light-opacity-8\" ><span>Razi\u0161\u010di UVI mize<\/span><svg class=\"pixfort-icon pix-hover-right pix-hover-item text-20\" width=\"24\" height=\"24\"  data-name=\"Line\/pixfort-icon-arrow-right-2\" viewBox=\"2 2 20 20\"><polyline fill=\"none\" stroke=\"var(--pf-icon-color)\" stroke-linecap=\"round\" stroke-linejoin=\"round\" stroke-width=\"var(--pf-icon-stroke-width)\" points=\"9.5 17 14.5 12 9.5 7\"\/><\/svg><\/span><\/a>\n\t\t\t\t<\/div><\/div>[\/vc_column_inner][vc_column_inner width=&#8221;1\/3&#8243; offset=&#8221;vc_hidden-sm vc_hidden-xs&#8221;]<div class=\"animate-in d-inline-block w-100\" data-anim-type=\"fade-in-up\" data-anim-delay=\"100\"><div class=\"pix-shop-category card w-100 h-100 bg-custom pix-hover-item rounded-lg position-relative overflow-hidden  vc_custom_1631175643096  shadow-lg shadow-hover-lg text-left w-100 d-inline-block\" style=\"--pix-bg-color:#000000;\" ><img decoding=\"async\" srcset=\"https:\/\/uvi.gg\/sl\/wp-content\/uploads\/2021\/05\/UVI-Gear-Products-300x200.jpg 300w, https:\/\/uvi.gg\/sl\/wp-content\/uploads\/2021\/05\/UVI-Gear-Products-600x400.jpg 600w, https:\/\/uvi.gg\/sl\/wp-content\/uploads\/2021\/05\/UVI-Gear-Products-1024x683.jpg 1024w, https:\/\/uvi.gg\/sl\/wp-content\/uploads\/2021\/05\/UVI-Gear-Products-768x512.jpg 768w, https:\/\/uvi.gg\/sl\/wp-content\/uploads\/2021\/05\/UVI-Gear-Products.jpg 1200w\" src=\"https:\/\/uvi.gg\/sl\/wp-content\/uploads\/2021\/05\/UVI-Gear-Products-600x450.jpg\" class=\"card-img pix-bg-image pix-img-scale pix-opacity-6 rounded-lg pix-hover-opacity-8\" alt=\"Super gaming periferija\"><a href=\"#pix_popup_15837\" class=\"d-inline-block w-100 pix-img-overlay pix-p-20\">\n\t\t\t\t  \t<div class=\"badge bg-dark-opacity-3 font-weight-bold secondary-font text-white\" >17 Izdelki<\/div>\n\t\t\t\t    <h5 class=\"card-title font-weight-bold secondary-font text-white pix-my-10\" >Super gaming periferija<\/h5><span class=\"d-flex align-items-center secondary-font text-light-opacity-8\" ><span>Razi\u0161\u010di UVI Gear izdelke<\/span><svg class=\"pixfort-icon pix-hover-right pix-hover-item text-20\" width=\"24\" height=\"24\"  data-name=\"Line\/pixfort-icon-arrow-right-2\" viewBox=\"2 2 20 20\"><polyline fill=\"none\" stroke=\"var(--pf-icon-color)\" stroke-linecap=\"round\" stroke-linejoin=\"round\" stroke-width=\"var(--pf-icon-stroke-width)\" points=\"9.5 17 14.5 12 9.5 7\"\/><\/svg><\/span><\/a>\n\t\t\t\t<\/div><\/div>[\/vc_column_inner][\/vc_row_inner][vc_empty_space height=&#8221;30px&#8221;][\/vc_column][\/vc_row][vc_row full_width=&#8221;stretch_row&#8221; pix_particles_check=&#8221;&#8221; el_id=&#8221;pix_section_info&#8221; css=&#8221;.vc_custom_1759321121211{background-color: #FFFFFF !important;}&#8221;][vc_column][vc_empty_space height=&#8221;95px&#8221;]<div id=\"sliding-text-eb489005027b6be92aa0a898c0f61bd4\" class=\"mb-3 text-center \"><h1 class=\"mb-32 pix-sliding-headline-2 animate-in font-weight-bold secondary-font \" data-anim-type=\"pix-sliding-text\" pix-anim-delay=\"500\" data-class=\"secondary-font text-black\" style=\"\"><span class=\"slide-in-container \"><span class=\"pix-sliding-item secondary-font text-black\" style=\"transition-delay: 0ms;\">UVI&#32;<\/span><\/span> <span class=\"slide-in-container \"><span class=\"pix-sliding-item secondary-font text-black\" style=\"transition-delay: 150ms;\">silikonska&#32;<\/span><\/span> <span class=\"slide-in-container \"><span class=\"pix-sliding-item secondary-font text-black\" style=\"transition-delay: 300ms;\">kolesa&#32;<\/span><\/span> <span class=\"slide-in-container \"><span class=\"pix-sliding-item secondary-font text-black\" style=\"transition-delay: 450ms;\">PRO&#32;<\/span><\/span> <span class=\"slide-in-container \"><span class=\"pix-sliding-item secondary-font text-black\" style=\"transition-delay: 600ms;\">so&#32;<\/span><\/span> <span class=\"slide-in-container \"><span class=\"pix-sliding-item secondary-font text-black\" style=\"transition-delay: 750ms;\">tiha,&#32;<\/span><\/span> <span class=\"slide-in-container \"><span class=\"pix-sliding-item secondary-font text-black\" style=\"transition-delay: 900ms;\">hitra&#32;<\/span><\/span> <span class=\"slide-in-container \"><span class=\"pix-sliding-item secondary-font text-black\" style=\"transition-delay: 1050ms;\">in&#32;<\/span><\/span> <span class=\"slide-in-container \"><span class=\"pix-sliding-item secondary-font text-black\" style=\"transition-delay: 1200ms;\">lahko&#32;<\/span><\/span> <span class=\"slide-in-container \"><span class=\"pix-sliding-item secondary-font text-black\" style=\"transition-delay: 1350ms;\">prenesejo&#32;<\/span><\/span> <span class=\"slide-in-container \"><span class=\"pix-sliding-item secondary-font text-black\" style=\"transition-delay: 1500ms;\">te\u017eje&#32;<\/span><\/span> <span class=\"slide-in-container \"><span class=\"pix-sliding-item secondary-font text-black\" style=\"transition-delay: 1650ms;\">obremenitve&#32;<\/span><\/span> <\/h1><\/div>[vc_empty_space height=&#8221;35px&#8221;][vc_column_text css=&#8221;&#8221;]<\/p>\n<h3 style=\"text-align: center;\">Primerna so za vse vrste povr\u0161in (parket, laminat, plo\u0161\u010dice, preproge, &#8230;) in se lahko odli\u010dno kombinirajo z na\u0161im\u00a0UVI Floormatom. Zaradi posebnega dizajna so kolesa\u00a0tiha in ne povzro\u010dajo \u0161kripajo\u010dih zvokov. \u00a0Premer 75mm in fi 11mm \u2013 s \u010dimer spadajo pod univerzalne kole\u0161\u010dke, ki so primerna za veliko ve\u010dino stolov.<\/h3>\n<p>[\/vc_column_text][vc_empty_space height=&#8221;15px&#8221;][vc_single_image image=&#8221;19914553&#8243; img_size=&#8221;full&#8221; alignment=&#8221;center&#8221; css=&#8221;.vc_custom_1653026635895{padding-right: 10% !important;padding-left: 10% !important;}&#8221;][vc_empty_space height=&#8221;95px&#8221;][\/vc_column][\/vc_row][vc_row full_width=&#8221;stretch_row&#8221; pix_particles_check=&#8221;&#8221; css=&#8221;.vc_custom_1759320881000{background-color: #F8F6F8 !important;}&#8221;][vc_column][vc_empty_space height=&#8221;95px&#8221;]<div id=\"sliding-text-1a2b34b3de55e4185b812d13bfe4d628\" class=\"mb-3 text-center \"><h1 class=\"mb-32 pix-sliding-headline-2 animate-in font-weight-bold secondary-font \" data-anim-type=\"pix-sliding-text\" pix-anim-delay=\"500\" data-class=\"secondary-font text-black\" style=\"\"><span class=\"slide-in-container \"><span class=\"pix-sliding-item secondary-font text-black\" style=\"transition-delay: 0ms;\">Silikonska&#32;<\/span><\/span> <span class=\"slide-in-container \"><span class=\"pix-sliding-item secondary-font text-black\" style=\"transition-delay: 150ms;\">povr\u0161ina&#32;<\/span><\/span> <span class=\"slide-in-container \"><span class=\"pix-sliding-item secondary-font text-black\" style=\"transition-delay: 300ms;\">poskrbi,&#32;<\/span><\/span> <span class=\"slide-in-container \"><span class=\"pix-sliding-item secondary-font text-black\" style=\"transition-delay: 450ms;\">da&#32;<\/span><\/span> <span class=\"slide-in-container \"><span class=\"pix-sliding-item secondary-font text-black\" style=\"transition-delay: 600ms;\">ne&#32;<\/span><\/span> <span class=\"slide-in-container \"><span class=\"pix-sliding-item secondary-font text-black\" style=\"transition-delay: 750ms;\">pu\u0161\u010dajo&#32;<\/span><\/span> <span class=\"slide-in-container \"><span class=\"pix-sliding-item secondary-font text-black\" style=\"transition-delay: 900ms;\">nobenih&#32;<\/span><\/span> <span class=\"slide-in-container \"><span class=\"pix-sliding-item secondary-font text-black\" style=\"transition-delay: 1050ms;\">sledi&#32;<\/span><\/span> <\/h1><\/div>[vc_empty_space height=&#8221;35px&#8221;][vc_column_text css=&#8221;&#8221;]<\/p>\n<h3 style=\"text-align: center;\">Silikonska povr\u0161ina kole\u0161\u010dkov poskrbi, da na tleh ne bodo ostale sledi uporabe, obenem pa omogo\u010da nemoteno uporabo stola tako na trdih (beton, plo\u0161\u010dice,..), kot tudi mehkih (laminat, parket, preproga..) podlagah.<\/h3>\n<p>[\/vc_column_text][vc_empty_space height=&#8221;15px&#8221;][vc_single_image image=&#8221;19914554&#8243; img_size=&#8221;full&#8221; alignment=&#8221;center&#8221; css=&#8221;.vc_custom_1653027383547{padding-right: 10% !important;padding-left: 10% !important;}&#8221;][vc_empty_space height=&#8221;95px&#8221;][\/vc_column][\/vc_row][vc_row full_width=&#8221;stretch_row&#8221; pix_particles_check=&#8221;&#8221; css=&#8221;.vc_custom_1759321129647{background-color: #FFFFFF !important;}&#8221; el_id=&#8221;pix_section_specifications&#8221; el_class=&#8221;specifications&#8221;][vc_column][vc_empty_space height=&#8221;95px&#8221;]<div id=\"sliding-text-e40d6021859576a0603f1eafb523d6c8\" class=\"mb-3 text-center \"><h1 class=\"mb-32 pix-sliding-headline-2 animate-in font-weight-bold secondary-font \" data-anim-type=\"pix-sliding-text\" pix-anim-delay=\"500\" data-class=\"secondary-font text-black\" style=\"\"><span class=\"slide-in-container \"><span class=\"pix-sliding-item secondary-font text-black\" style=\"transition-delay: 0ms;\">Specifikacije&#32;<\/span><\/span> <span class=\"slide-in-container \"><span class=\"pix-sliding-item secondary-font text-black\" style=\"transition-delay: 150ms;\">in&#32;<\/span><\/span> <span class=\"slide-in-container \"><span class=\"pix-sliding-item secondary-font text-black\" style=\"transition-delay: 300ms;\">dimenzije&#32;<\/span><\/span> <\/h1><\/div>[vc_row_inner][vc_column_inner offset=&#8221;vc_hidden-sm vc_hidden-xs&#8221;][vc_empty_space height=&#8221;35px&#8221;][\/vc_column_inner][\/vc_row_inner][vc_row_inner equal_height=&#8221;yes&#8221; content_placement=&#8221;middle&#8221;][vc_column_inner width=&#8221;1\/6&#8243; offset=&#8221;vc_hidden-sm vc_hidden-xs&#8221;][\/vc_column_inner][vc_column_inner el_class=&#8221;d-flex align-items-center&#8221; width=&#8221;1\/3&#8243; offset=&#8221;vc_hidden-sm vc_hidden-xs&#8221; css=&#8221;.vc_custom_1620028001551{padding-right: 2% !important;padding-left: 2% !important;}&#8221;]<div class=\"ult-just-icon-wrapper  \"><div class=\"align-icon\" style=\"text-align:left;\">\n<div class=\"aio-icon none \"  style=\"color:#666666;font-size:55px;\">\n\t<i class=\"NewUVIIcons-wheel\"><\/i>\n<\/div><\/div><\/div>[vc_column_text css=&#8221;&#8221;]<\/p>\n<h4>Univerzalna kolesa<\/h4>\n<p>[\/vc_column_text][vc_empty_space height=&#8221;40px&#8221;]<div class=\"ult-just-icon-wrapper  \"><div class=\"align-icon\" style=\"text-align:left;\">\n<div class=\"aio-icon none \"  style=\"color:#666666;font-size:55px;\">\n\t<i class=\"UVI2020-floormat_scratch_protection\"><\/i>\n<\/div><\/div><\/div>[vc_column_text css=&#8221;&#8221;]<\/p>\n<h4>Silikonska povr\u0161ina,<br \/>\nki ne pu\u0161\u010da sledi.<\/h4>\n<p>[\/vc_column_text][\/vc_column_inner][vc_column_inner el_class=&#8221;d-flex align-items-center&#8221; width=&#8221;1\/2&#8243;][vc_single_image image=&#8221;19914551&#8243; img_size=&#8221;full&#8221; alignment=&#8221;center&#8221; onclick=&#8221;link_image&#8221;][\/vc_column_inner][\/vc_row_inner][vc_row_inner equal_height=&#8221;yes&#8221; content_placement=&#8221;middle&#8221;][vc_column_inner offset=&#8221;vc_hidden-lg vc_hidden-md&#8221;][vc_empty_space height=&#8221;40px&#8221;][\/vc_column_inner][\/vc_row_inner][vc_row_inner equal_height=&#8221;yes&#8221; content_placement=&#8221;middle&#8221;][vc_column_inner el_class=&#8221;d-flex align-items-center&#8221; width=&#8221;1\/3&#8243; offset=&#8221;vc_hidden-lg vc_hidden-md vc_col-xs-4&#8243;]<div class=\"ult-just-icon-wrapper  \"><div class=\"align-icon\" style=\"text-align:right;\">\n<div class=\"aio-icon none \"  style=\"color:#666666;font-size:55px;display:inline-block;\">\n\t<i class=\"NewUVIIcons-wheel\"><\/i>\n<\/div><\/div><\/div>[\/vc_column_inner][vc_column_inner width=&#8221;2\/3&#8243; offset=&#8221;vc_hidden-lg vc_hidden-md vc_col-xs-8&#8243;][vc_column_text css=&#8221;&#8221;]<\/p>\n<h4>Univerzalna kolesa<\/h4>\n<p>[\/vc_column_text][\/vc_column_inner][\/vc_row_inner][vc_row_inner equal_height=&#8221;yes&#8221; content_placement=&#8221;middle&#8221;][vc_column_inner offset=&#8221;vc_hidden-lg vc_hidden-md&#8221;][vc_empty_space height=&#8221;40px&#8221;][\/vc_column_inner][\/vc_row_inner][vc_row_inner equal_height=&#8221;yes&#8221; content_placement=&#8221;middle&#8221;][vc_column_inner el_class=&#8221;d-flex align-items-center&#8221; width=&#8221;1\/3&#8243; offset=&#8221;vc_hidden-lg vc_hidden-md vc_col-xs-4&#8243;]<div class=\"ult-just-icon-wrapper  \"><div class=\"align-icon\" style=\"text-align:right;\">\n<div class=\"aio-icon none \"  style=\"color:#666666;font-size:55px;display:inline-block;\">\n\t<i class=\"UVI2020-floormat_scratch_protection\"><\/i>\n<\/div><\/div><\/div>[\/vc_column_inner][vc_column_inner width=&#8221;2\/3&#8243; offset=&#8221;vc_hidden-lg vc_hidden-md vc_col-xs-8&#8243;][vc_column_text css=&#8221;&#8221;]<\/p>\n<h4>Silikonska povr\u0161ina, ki ne pu\u0161\u010da sledi.<\/h4>\n<p>[\/vc_column_text][\/vc_column_inner][\/vc_row_inner][vc_row_inner equal_height=&#8221;yes&#8221; content_placement=&#8221;middle&#8221;][vc_column_inner offset=&#8221;vc_hidden-lg vc_hidden-md&#8221;][vc_empty_space height=&#8221;40px&#8221;][\/vc_column_inner][\/vc_row_inner][vc_row_inner][vc_column_inner offset=&#8221;vc_hidden-sm vc_hidden-xs&#8221;][vc_empty_space height=&#8221;35px&#8221;]<div class=\"d-block w-100 text-center\"><a  href=\"#buy\" class=\"btn mb-2    vc_custom_1653027457807   text-white btn-primary d-inline-flex align-items-center      pix-btn-div btn-md\"     ><span class=\" \" >Kupi silikonska kolesa PRO<\/span><\/a><\/div>[\/vc_column_inner][\/vc_row_inner][vc_row_inner][vc_column_inner offset=&#8221;vc_hidden-lg vc_hidden-md&#8221;][vc_empty_space height=&#8221;40px&#8221;]<div class=\"d-block w-100 text-center\"><a  href=\"#buy\" class=\"btn mb-2    vc_custom_1653027463511   text-white btn-primary d-inline-flex align-items-center      pix-btn-div btn-md\"     ><span class=\" \" >Kupi silikonska kolesa PRO<\/span><\/a><\/div>[\/vc_column_inner][\/vc_row_inner][vc_empty_space height=&#8221;95px&#8221;][\/vc_column][\/vc_row][vc_row full_width=&#8221;stretch_row&#8221; equal_height=&#8221;yes&#8221; content_placement=&#8221;middle&#8221; pix_particles_check=&#8221;&#8221; css=&#8221;.vc_custom_1759320902215{background-color: #F8F6F8 !important;}&#8221;][vc_column css=&#8221;.vc_custom_1617000812477{padding-right: 5% !important;padding-left: 5% !important;}&#8221; offset=&#8221;vc_hidden-sm vc_hidden-xs&#8221;][vc_empty_space height=&#8221;55px&#8221;][vc_row_inner equal_height=&#8221;yes&#8221; content_placement=&#8221;middle&#8221; el_class=&#8221;veritcal&#8221;][vc_column_inner el_class=&#8221;d-flex align-items-center&#8221; width=&#8221;1\/4&#8243;][vc_single_image image=&#8221;9911788&#8243; img_size=&#8221;full&#8221; css=&#8221;&#8221;][\/vc_column_inner][vc_column_inner el_class=&#8221;d-flex align-items-center&#8221; width=&#8221;3\/4&#8243;][vc_column_text css=&#8221;&#8221;]<\/p>\n<h4>Vsak nakup UVI Chair dodatkov pride z 2-letno garancijo na vse funkcionalne dele izdelka. Estetske po\u0161kodbe, zlorabe in naravna obraba niso krite v garanciji. Vsak nakup na UVI.GG ima 14-dnevno vra\u010dilo \u2013 brez tveganja!<\/h4>\n<p>[\/vc_column_text][\/vc_column_inner][\/vc_row_inner][vc_empty_space height=&#8221;55px&#8221;][\/vc_column][\/vc_row][vc_row full_width=&#8221;stretch_row&#8221; equal_height=&#8221;yes&#8221; content_placement=&#8221;middle&#8221; pix_particles_check=&#8221;&#8221; css=&#8221;.vc_custom_1759320908710{background-color: #F8F6F8 !important;}&#8221;][vc_column css=&#8221;.vc_custom_1617000816446{padding-right: 5% !important;padding-left: 5% !important;}&#8221; offset=&#8221;vc_hidden-lg vc_hidden-md&#8221;][vc_empty_space height=&#8221;55px&#8221;][vc_row_inner equal_height=&#8221;yes&#8221; content_placement=&#8221;middle&#8221; el_class=&#8221;veritcal&#8221;][vc_column_inner width=&#8221;3\/5&#8243; offset=&#8221;vc_col-xs-offset-1\/5 vc_col-xs-3\/5&#8243;][vc_single_image image=&#8221;9911788&#8243; img_size=&#8221;full&#8221; alignment=&#8221;center&#8221; css=&#8221;&#8221;][\/vc_column_inner][\/vc_row_inner][vc_row_inner equal_height=&#8221;yes&#8221; content_placement=&#8221;middle&#8221; el_class=&#8221;veritcal&#8221;][vc_column_inner][vc_column_text css=&#8221;&#8221;]<\/p>\n<h4 style=\"text-align: center;\">Vsak nakup UVI Chair dodatkov pride z 2-letno garancijo na vse funkcionalne dele izdelka. Estetske po\u0161kodbe, zlorabe in naravna obraba niso krite v garanciji. Vsak nakup na UVI.GG ima 14-dnevno vra\u010dilo \u2013 brez tveganja!<\/h4>\n<p>[\/vc_column_text][\/vc_column_inner][\/vc_row_inner][vc_empty_space height=&#8221;55px&#8221;][\/vc_column][\/vc_row]<\/p>\n<\/div>","protected":false},"excerpt":{"rendered":"<p>[vc_row full_width=&#8221;stretch_row&#8221; pix_particles_check=&#8221;&#8221; css=&#8221;.vc_custom_1759320858231{background-color: #F8F6F8 !important;}&#8221;][vc_column][vc_row_inner][vc_column_inner offset=&#8221;vc_hidden-lg vc_hidden-md&#8221;][vc_empty_space height=&#8221;30px&#8221;][\/vc_column_inner][\/vc_row_inner][vc_row_inner][vc_column_inner width=&#8221;1\/3&#8243;][\/vc_column_inner][vc_column_inner width=&#8221;1\/3&#8243; offset=&#8221;vc_hidden-sm vc_hidden-xs&#8221;][\/vc_column_inner][vc_column_inner width=&#8221;1\/3&#8243; offset=&#8221;vc_hidden-sm vc_hidden-xs&#8221;][\/vc_column_inner][\/vc_row_inner][vc_empty_space height=&#8221;30px&#8221;][\/vc_column][\/vc_row][vc_row full_width=&#8221;stretch_row&#8221; pix_particles_check=&#8221;&#8221; el_id=&#8221;pix_section_info&#8221; css=&#8221;.vc_custom_1759321121211{background-color: #FFFFFF !important;}&#8221;][vc_column][vc_empty_space height=&#8221;95px&#8221;][vc_empty_space height=&#8221;35px&#8221;][vc_column_text css=&#8221;&#8221;] Primerna so za vse vrste povr\u0161in (parket, laminat, plo\u0161\u010dice, preproge, &#8230;) in se lahko&#8230;<\/p>\n","protected":false},"featured_media":19914555,"comment_status":"open","ping_status":"closed","template":"","meta":[],"product_brand":[],"product_cat":[55,20],"product_tag":[207,194],"class_list":{"0":"post-19914561","1":"product","2":"type-product","3":"status-publish","4":"has-post-thumbnail","6":"product_cat-dodatki-uvi-chair","7":"product_cat-uvi-chair","8":"product_tag-dodatki-za-stol","9":"product_tag-vsi-izdelki","11":"first","12":"instock","13":"taxable","14":"shipping-taxable","15":"purchasable","16":"product-type-simple"},"_links":{"self":[{"href":"https:\/\/uvi.gg\/sl\/wp-json\/wp\/v2\/product\/19914561","targetHints":{"allow":["GET"]}}],"collection":[{"href":"https:\/\/uvi.gg\/sl\/wp-json\/wp\/v2\/product"}],"about":[{"href":"https:\/\/uvi.gg\/sl\/wp-json\/wp\/v2\/types\/product"}],"replies":[{"embeddable":true,"href":"https:\/\/uvi.gg\/sl\/wp-json\/wp\/v2\/comments?post=19914561"}],"wp:featuredmedia":[{"embeddable":true,"href":"https:\/\/uvi.gg\/sl\/wp-json\/wp\/v2\/media\/19914555"}],"wp:attachment":[{"href":"https:\/\/uvi.gg\/sl\/wp-json\/wp\/v2\/media?parent=19914561"}],"wp:term":[{"taxonomy":"product_brand","embeddable":true,"href":"https:\/\/uvi.gg\/sl\/wp-json\/wp\/v2\/product_brand?post=19914561"},{"taxonomy":"product_cat","embeddable":true,"href":"https:\/\/uvi.gg\/sl\/wp-json\/wp\/v2\/product_cat?post=19914561"},{"taxonomy":"product_tag","embeddable":true,"href":"https:\/\/uvi.gg\/sl\/wp-json\/wp\/v2\/product_tag?post=19914561"}],"curies":[{"name":"wp","href":"https:\/\/api.w.org\/{rel}","templated":true}]}}