{"id":15849,"date":"2021-05-26T06:16:25","date_gmt":"2021-05-26T06:16:25","guid":{"rendered":"https:\/\/uvi.gg\/?post_type=product&#038;p=15849"},"modified":"2026-04-13T18:16:10","modified_gmt":"2026-04-13T16:16:10","slug":"trojni-nosilec-za-tv-monitor","status":"publish","type":"product","link":"https:\/\/uvi.gg\/sl\/izdelek\/trojni-nosilec-za-tv-monitor\/","title":{"rendered":"Trojni nosilec za TV\/ monitor"},"content":{"rendered":"<div class=\"wpb-content-wrapper\"><p>[vc_row full_width=&#8221;stretch_row&#8221; pix_particles_check=&#8221;&#8221; css=&#8221;.vc_custom_1755759961132{background-color: #F1F1F100 !important;}&#8221;][vc_column][vc_row_inner][vc_column_inner width=&#8221;1\/3&#8243;]<div class=\"animate-in d-inline-block w-100\" data-anim-type=\"fade-in-up\" data-anim-delay=\"100\"><div class=\"pix-shop-category card w-100 h-100 bg-custom pix-hover-item rounded-lg position-relative overflow-hidden  vc_custom_1631171242496  shadow-lg shadow-hover-lg text-left w-100 d-inline-block\" style=\"--pix-bg-color:#000000;\" ><img decoding=\"async\" srcset=\"https:\/\/uvi.gg\/sl\/wp-content\/uploads\/2021\/04\/Racing-1-300x144.jpg 300w, https:\/\/uvi.gg\/sl\/wp-content\/uploads\/2021\/04\/Racing-1-600x288.jpg 600w, https:\/\/uvi.gg\/sl\/wp-content\/uploads\/2021\/04\/Racing-1-1024x492.jpg 1024w, https:\/\/uvi.gg\/sl\/wp-content\/uploads\/2021\/04\/Racing-1-768x369.jpg 768w, https:\/\/uvi.gg\/sl\/wp-content\/uploads\/2021\/04\/Racing-1.jpg 1079w\" src=\"https:\/\/uvi.gg\/sl\/wp-content\/uploads\/2021\/04\/Racing-1-600x450.jpg\" class=\"card-img pix-bg-image pix-img-scale pix-opacity-6 rounded-lg pix-hover-opacity-8\" alt=\"Sestavite svoj dirka\u0161ki komplet\"><a href=\"#pix_popup_15866\" class=\"d-inline-block w-100 pix-img-overlay pix-p-20\">\n\t\t\t\t  \t<div class=\"badge bg-dark-opacity-3 font-weight-bold secondary-font text-white\" >17 Izdelki<\/div>\n\t\t\t\t    <h5 class=\"card-title font-weight-bold secondary-font text-white pix-my-10\" >Sestavite svoj dirka\u0161ki komplet<\/h5><span class=\"d-flex align-items-center secondary-font text-light-opacity-8\" ><span>Razi\u0161\u010di dirka\u0161ke dodatke<\/span><svg class=\"pixfort-icon pix-hover-right pix-hover-item text-20\" width=\"24\" height=\"24\"  data-name=\"Line\/pixfort-icon-arrow-right-2\" viewBox=\"2 2 20 20\"><polyline fill=\"none\" stroke=\"var(--pf-icon-color)\" stroke-linecap=\"round\" stroke-linejoin=\"round\" stroke-width=\"var(--pf-icon-stroke-width)\" points=\"9.5 17 14.5 12 9.5 7\"\/><\/svg><\/span><\/a>\n\t\t\t\t<\/div><\/div>[\/vc_column_inner][vc_column_inner width=&#8221;1\/3&#8243; offset=&#8221;vc_hidden-sm vc_hidden-xs&#8221;]<div class=\"animate-in d-inline-block w-100\" data-anim-type=\"fade-in-up\" data-anim-delay=\"100\"><div class=\"pix-shop-category card w-100 h-100 bg-custom pix-hover-item rounded-lg position-relative overflow-hidden  vc_custom_1631171246576  shadow-lg shadow-hover-lg text-left w-100 d-inline-block\" style=\"--pix-bg-color:#000000;\" ><img decoding=\"async\" srcset=\"https:\/\/uvi.gg\/sl\/wp-content\/uploads\/2021\/05\/Chairs-300x144.jpg 300w, https:\/\/uvi.gg\/sl\/wp-content\/uploads\/2021\/05\/Chairs-600x288.jpg 600w, https:\/\/uvi.gg\/sl\/wp-content\/uploads\/2021\/05\/Chairs-1024x492.jpg 1024w, https:\/\/uvi.gg\/sl\/wp-content\/uploads\/2021\/05\/Chairs-768x369.jpg 768w, https:\/\/uvi.gg\/sl\/wp-content\/uploads\/2021\/05\/Chairs.jpg 1079w\" src=\"https:\/\/uvi.gg\/sl\/wp-content\/uploads\/2021\/05\/Chairs-600x450.jpg\" class=\"card-img pix-bg-image pix-img-scale pix-opacity-6 rounded-lg pix-hover-opacity-8\" alt=\"Udobni gaming stoli\"><a href=\"#pix_popup_15818\" class=\"d-inline-block w-100 pix-img-overlay pix-p-20\">\n\t\t\t\t  \t<div class=\"badge bg-dark-opacity-3 font-weight-bold secondary-font text-white\" >17 Izdelki<\/div>\n\t\t\t\t    <h5 class=\"card-title font-weight-bold secondary-font text-white pix-my-10\" >Udobni gaming stoli<\/h5><span class=\"d-flex align-items-center secondary-font text-light-opacity-8\" ><span>Razi\u0161\u010di UVI stole<\/span><svg class=\"pixfort-icon pix-hover-right pix-hover-item text-20\" width=\"24\" height=\"24\"  data-name=\"Line\/pixfort-icon-arrow-right-2\" viewBox=\"2 2 20 20\"><polyline fill=\"none\" stroke=\"var(--pf-icon-color)\" stroke-linecap=\"round\" stroke-linejoin=\"round\" stroke-width=\"var(--pf-icon-stroke-width)\" points=\"9.5 17 14.5 12 9.5 7\"\/><\/svg><\/span><\/a>\n\t\t\t\t<\/div><\/div>[\/vc_column_inner][vc_column_inner width=&#8221;1\/3&#8243; offset=&#8221;vc_hidden-sm vc_hidden-xs&#8221;]<div class=\"animate-in d-inline-block w-100\" data-anim-type=\"fade-in-up\" data-anim-delay=\"100\"><div class=\"pix-shop-category card w-100 h-100 bg-custom pix-hover-item rounded-lg position-relative overflow-hidden  vc_custom_1631171250495  shadow-lg shadow-hover-lg text-left w-100 d-inline-block\" style=\"--pix-bg-color:#000000;\" ><img decoding=\"async\" srcset=\"https:\/\/uvi.gg\/sl\/wp-content\/uploads\/2021\/03\/UVI-Pride-300x144.jpg 300w, https:\/\/uvi.gg\/sl\/wp-content\/uploads\/2021\/03\/UVI-Pride-600x288.jpg 600w, https:\/\/uvi.gg\/sl\/wp-content\/uploads\/2021\/03\/UVI-Pride-1024x492.jpg 1024w, https:\/\/uvi.gg\/sl\/wp-content\/uploads\/2021\/03\/UVI-Pride-768x369.jpg 768w, https:\/\/uvi.gg\/sl\/wp-content\/uploads\/2021\/03\/UVI-Pride.jpg 1079w\" src=\"https:\/\/uvi.gg\/sl\/wp-content\/uploads\/2021\/03\/UVI-Pride-600x450.jpg\" class=\"card-img pix-bg-image pix-img-scale pix-opacity-6 rounded-lg pix-hover-opacity-8\" alt=\"Ustvari idealni gaming koti\u010dek\"><a href=\"#pix_popup_15837\" class=\"d-inline-block w-100 pix-img-overlay pix-p-20\">\n\t\t\t\t  \t<div class=\"badge bg-dark-opacity-3 font-weight-bold secondary-font text-white\" >17 Izdelki<\/div>\n\t\t\t\t    <h5 class=\"card-title font-weight-bold secondary-font text-white pix-my-10\" >Ustvari idealni gaming koti\u010dek<\/h5><span class=\"d-flex align-items-center secondary-font text-light-opacity-8\" ><span>Razi\u0161\u010di UVI Gear izdelke<\/span><svg class=\"pixfort-icon pix-hover-right pix-hover-item text-20\" width=\"24\" height=\"24\"  data-name=\"Line\/pixfort-icon-arrow-right-2\" viewBox=\"2 2 20 20\"><polyline fill=\"none\" stroke=\"var(--pf-icon-color)\" stroke-linecap=\"round\" stroke-linejoin=\"round\" stroke-width=\"var(--pf-icon-stroke-width)\" points=\"9.5 17 14.5 12 9.5 7\"\/><\/svg><\/span><\/a>\n\t\t\t\t<\/div><\/div>[\/vc_column_inner][\/vc_row_inner][vc_empty_space height=&#8221;30px&#8221;][\/vc_column][\/vc_row][vc_row full_width=&#8221;stretch_row&#8221; pix_particles_check=&#8221;&#8221; el_id=&#8221;pix_section_info&#8221; css=&#8221;.vc_custom_1755759996312{background-color: #161617 !important;}&#8221;][vc_column][vc_empty_space height=&#8221;95px&#8221;]<div id=\"sliding-text-0b0f825d0dc24d18e0ad9b65679a9955\" class=\"mb-3 text-center \"><h1 class=\"mb-32 pix-sliding-headline-2 animate-in font-weight-bold secondary-font \" data-anim-type=\"pix-sliding-text\" pix-anim-delay=\"500\" data-class=\"secondary-font text-white\" style=\"\"><span class=\"slide-in-container \"><span class=\"pix-sliding-item secondary-font text-white\" style=\"transition-delay: 0ms;\">Prilagodi&#32;<\/span><\/span> <span class=\"slide-in-container \"><span class=\"pix-sliding-item secondary-font text-white\" style=\"transition-delay: 150ms;\">vi\u0161ino&#32;<\/span><\/span> <span class=\"slide-in-container \"><span class=\"pix-sliding-item secondary-font text-white\" style=\"transition-delay: 300ms;\">zaslona&#32;<\/span><\/span> <span class=\"slide-in-container \"><span class=\"pix-sliding-item secondary-font text-white\" style=\"transition-delay: 450ms;\">za&#32;<\/span><\/span> <span class=\"slide-in-container \"><span class=\"pix-sliding-item secondary-font text-white\" style=\"transition-delay: 600ms;\">popolno&#32;<\/span><\/span> <span class=\"slide-in-container \"><span class=\"pix-sliding-item secondary-font text-white\" style=\"transition-delay: 750ms;\">izku\u0161njo&#32;<\/span><\/span> <span class=\"slide-in-container \"><span class=\"pix-sliding-item secondary-font text-white\" style=\"transition-delay: 900ms;\">dirkanja&#32;<\/span><\/span> <\/h1><\/div>[vc_empty_space height=&#8221;35px&#8221;][vc_column_text css=&#8221;&#8221;]<\/p>\n<h3 style=\"text-align: center;\"><span style=\"color: #999999;\">Trojni nosilec za monitorje ponuja dve nastavitvi vi\u0161ine. Razmaknjeni sta za 5 centimetrov pri 95,5 in 100,5 centimetra. Tako lahko hitro najde\u0161 idealen polo\u017eaj za svoj zaslon!<br \/>\n<\/span><\/h3>\n<p>[\/vc_column_text][vc_empty_space height=&#8221;15px&#8221;][vc_single_image image=&#8221;1191&#8243; img_size=&#8221;full&#8221; alignment=&#8221;center&#8221; css=&#8221;.vc_custom_1619766361833{padding-right: 10% !important;padding-left: 10% !important;}&#8221;][\/vc_column][\/vc_row][vc_row full_width=&#8221;stretch_row&#8221; pix_particles_check=&#8221;&#8221; css=&#8221;.vc_custom_1755760006465{background-color: #000000 !important;}&#8221;][vc_column][vc_empty_space height=&#8221;95px&#8221;]<div id=\"sliding-text-d9a2dfb0d797239fc3e3226de5ad77d7\" class=\"mb-3 text-center \"><h1 class=\"mb-32 pix-sliding-headline-2 animate-in font-weight-bold secondary-font \" data-anim-type=\"pix-sliding-text\" pix-anim-delay=\"500\" data-class=\"secondary-font text-white\" style=\"\"><span class=\"slide-in-container \"><span class=\"pix-sliding-item secondary-font text-white\" style=\"transition-delay: 0ms;\">Zdru\u017eljivo&#32;<\/span><\/span> <span class=\"slide-in-container \"><span class=\"pix-sliding-item secondary-font text-white\" style=\"transition-delay: 150ms;\">z&#32;<\/span><\/span> <span class=\"slide-in-container \"><span class=\"pix-sliding-item secondary-font text-white\" style=\"transition-delay: 300ms;\">zasloni&#32;<\/span><\/span> <span class=\"slide-in-container \"><span class=\"pix-sliding-item secondary-font text-white\" style=\"transition-delay: 450ms;\">od&#32;<\/span><\/span> <span class=\"slide-in-container \"><span class=\"pix-sliding-item secondary-font text-white\" style=\"transition-delay: 600ms;\">24&#32;<\/span><\/span> <span class=\"slide-in-container \"><span class=\"pix-sliding-item secondary-font text-white\" style=\"transition-delay: 750ms;\">do&#32;<\/span><\/span> <span class=\"slide-in-container \"><span class=\"pix-sliding-item secondary-font text-white\" style=\"transition-delay: 900ms;\">32&#32;<\/span><\/span> <span class=\"slide-in-container \"><span class=\"pix-sliding-item secondary-font text-white\" style=\"transition-delay: 1050ms;\">palcev&#32;<\/span><\/span> <\/h1><\/div>[vc_empty_space height=&#8221;35px&#8221;][vc_column_text css=&#8221;&#8221;]<\/p>\n<h3 style=\"text-align: center;\"><span style=\"color: #999999;\">Trojni nosilec monitorjev je narejen iz kombinacije jekla in aluminija, zaradi \u010desar je izjemno trpe\u017een in stabilen. Primeren je za monitorje ali televizorje velikosti od 24 do 32 palcev. Njegova maksimalna obremenitev zna\u0161a 3&#215;10 kilogramov.<br \/>\n<\/span><\/h3>\n<p>[\/vc_column_text][vc_empty_space height=&#8221;15px&#8221;][vc_single_image image=&#8221;15851&#8243; img_size=&#8221;full&#8221; alignment=&#8221;center&#8221; css=&#8221;.vc_custom_1622016016155{padding-right: 15% !important;padding-left: 15% !important;}&#8221;][vc_empty_space height=&#8221;95px&#8221;][\/vc_column][\/vc_row][vc_row full_width=&#8221;stretch_row&#8221; pix_particles_check=&#8221;&#8221; css=&#8221;.vc_custom_1755760016493{background-color: #161617 !important;}&#8221;][vc_column][vc_empty_space height=&#8221;95px&#8221;]<div id=\"sliding-text-fe277eb8c833a820b647afad3e204dfa\" class=\"mb-3 text-center \"><h1 class=\"mb-32 pix-sliding-headline-2 animate-in font-weight-bold secondary-font \" data-anim-type=\"pix-sliding-text\" pix-anim-delay=\"500\" data-class=\"secondary-font text-white\" style=\"\"><span class=\"slide-in-container \"><span class=\"pix-sliding-item secondary-font text-white\" style=\"transition-delay: 0ms;\">Izjemna&#32;<\/span><\/span> <span class=\"slide-in-container \"><span class=\"pix-sliding-item secondary-font text-white\" style=\"transition-delay: 150ms;\">prilagodljivost&#32;<\/span><\/span> <\/h1><\/div>[vc_empty_space height=&#8221;35px&#8221;][vc_column_text css=&#8221;&#8221;]<\/p>\n<h3 style=\"text-align: center;\"><span style=\"color: #999999;\">Trojni nosilec monitorjev ima poseben sistem, ki ti omogo\u010da obra\u010danje stranskih zaslonov desno in levo do najve\u010d 60\u00b0.<br \/>\n<\/span><\/h3>\n<p>[\/vc_column_text][vc_empty_space height=&#8221;15px&#8221;][vc_single_image image=&#8221;1202&#8243; img_size=&#8221;full&#8221; alignment=&#8221;center&#8221;][\/vc_column][\/vc_row][vc_row full_width=&#8221;stretch_row&#8221; pix_particles_check=&#8221;&#8221; css=&#8221;.vc_custom_1755760027302{background-color: #000000 !important;}&#8221; el_id=&#8221;pix_section_specifications&#8221; el_class=&#8221;specifications&#8221;][vc_column][vc_empty_space height=&#8221;95px&#8221;]<div id=\"sliding-text-e40d6021859576a0603f1eafb523d6c8\" class=\"mb-3 text-center \"><h1 class=\"mb-32 pix-sliding-headline-2 animate-in font-weight-bold secondary-font \" data-anim-type=\"pix-sliding-text\" pix-anim-delay=\"500\" data-class=\"secondary-font text-white\" style=\"\"><span class=\"slide-in-container \"><span class=\"pix-sliding-item secondary-font text-white\" style=\"transition-delay: 0ms;\">Specifikacije&#32;<\/span><\/span> <span class=\"slide-in-container \"><span class=\"pix-sliding-item secondary-font text-white\" style=\"transition-delay: 150ms;\">in&#32;<\/span><\/span> <span class=\"slide-in-container \"><span class=\"pix-sliding-item secondary-font text-white\" style=\"transition-delay: 300ms;\">dimenzije&#32;<\/span><\/span> <\/h1><\/div>[vc_row_inner][vc_column_inner offset=&#8221;vc_hidden-sm vc_hidden-xs&#8221;][vc_empty_space height=&#8221;95px&#8221;][\/vc_column_inner][\/vc_row_inner][vc_row_inner equal_height=&#8221;yes&#8221; content_placement=&#8221;middle&#8221;][vc_column_inner offset=&#8221;vc_hidden-lg vc_hidden-md&#8221;][vc_empty_space height=&#8221;40px&#8221;][\/vc_column_inner][\/vc_row_inner][vc_row_inner equal_height=&#8221;yes&#8221; content_placement=&#8221;middle&#8221;][vc_column_inner el_class=&#8221;d-flex align-items-center&#8221; width=&#8221;1\/4&#8243; offset=&#8221;vc_hidden-sm vc_hidden-xs&#8221;]<div class=\"ult-just-icon-wrapper  \"><div class=\"align-icon\" style=\"text-align:left;\">\n<div class=\"aio-icon none \"  style=\"color:#FFFFFF;font-size:55px;\">\n\t<i class=\"UVI2020-racing_screen_height\"><\/i>\n<\/div><\/div><\/div>[vc_column_text css=&#8221;&#8221;]<\/p>\n<h4 style=\"text-align: left;\"><span style=\"color: #999999;\">Prilagodljiva<br \/>\nvi\u0161ina<br \/>\n<\/span><\/h4>\n<p>[\/vc_column_text][vc_empty_space height=&#8221;40px&#8221;]<div class=\"ult-just-icon-wrapper  \"><div class=\"align-icon\" style=\"text-align:left;\">\n<div class=\"aio-icon none \"  style=\"color:#FFFFFF;font-size:55px;\">\n\t<i class=\"UVIDesk2-laptopStojalo_weight\"><\/i>\n<\/div><\/div><\/div>[vc_column_text css=&#8221;&#8221;]<\/p>\n<h4 style=\"text-align: left;\"><span style=\"color: #999999;\">Maksimalna obremenitev<br \/>\ndo 30 kg<br \/>\n<\/span><\/h4>\n<p>[\/vc_column_text][\/vc_column_inner][vc_column_inner el_class=&#8221;d-flex align-items-center&#8221; width=&#8221;1\/4&#8243; offset=&#8221;vc_hidden-sm vc_hidden-xs&#8221;]<div class=\"ult-just-icon-wrapper  \"><div class=\"align-icon\" style=\"text-align:left;\">\n<div class=\"aio-icon none \"  style=\"color:#FFFFFF;font-size:55px;\">\n\t<i class=\"UVI2020-racing_screen_dim\"><\/i>\n<\/div><\/div><\/div>[vc_column_text css=&#8221;&#8221;]<\/p>\n<h4 style=\"text-align: left;\"><span style=\"color: #999999;\">Maksimalna velikost<br \/>\nzaslonov 3x 24\u201c- 32\u201d<br \/>\n<\/span><\/h4>\n<p>[\/vc_column_text][vc_empty_space height=&#8221;40px&#8221;]<div class=\"ult-just-icon-wrapper  \"><div class=\"align-icon\" style=\"text-align:left;\">\n<div class=\"aio-icon none \"  style=\"color:#FFFFFF;font-size:55px;\">\n\t<i class=\"UVI2020-racing_screen_rot\"><\/i>\n<\/div><\/div><\/div>[vc_column_text css=&#8221;&#8221;]<\/p>\n<h4 style=\"text-align: left;\"><span style=\"color: #999999;\">Nastavljiv kot<br \/>\ndo 60\u00b0<br \/>\n<\/span><\/h4>\n<p>[\/vc_column_text][\/vc_column_inner][vc_column_inner el_class=&#8221;d-flex align-items-center&#8221; width=&#8221;1\/2&#8243; offset=&#8221;vc_hidden-sm vc_hidden-xs&#8221;][vc_single_image image=&#8221;17259&#8243; img_size=&#8221;full&#8221; alignment=&#8221;center&#8221; style=&#8221;vc_box_rounded&#8221; onclick=&#8221;link_image&#8221; css=&#8221;.vc_custom_1755761457498{padding-top: 20px !important;padding-right: 20px !important;padding-bottom: 20px !important;padding-left: 20px !important;background-color: #FFFFFF !important;border-radius: 5px !important;}&#8221;][\/vc_column_inner][\/vc_row_inner][vc_row_inner equal_height=&#8221;yes&#8221; content_placement=&#8221;middle&#8221;][vc_column_inner offset=&#8221;vc_hidden-lg vc_hidden-md&#8221;]<div class=\"ult-just-icon-wrapper  \"><div class=\"align-icon\" style=\"text-align:center;\">\n<div class=\"aio-icon none \"  style=\"color:#FFFFFF;font-size:55px;display:inline-block;\">\n\t<i class=\"UVI2020-racing_screen_height\"><\/i>\n<\/div><\/div><\/div>[vc_column_text css=&#8221;.vc_custom_1758102516076{padding-right: 15% !important;}&#8221;]<\/p>\n<h4 style=\"text-align: center;\"><span style=\"color: #999999;\">Prilagodljiva vi\u0161ina<br \/>\n<\/span><\/h4>\n<p>[\/vc_column_text][vc_empty_space height=&#8221;40px&#8221;]<div class=\"ult-just-icon-wrapper  \"><div class=\"align-icon\" style=\"text-align:center;\">\n<div class=\"aio-icon none \"  style=\"color:#FFFFFF;font-size:55px;display:inline-block;\">\n\t<i class=\"UVI2020-racing_screen_dim\"><\/i>\n<\/div><\/div><\/div>[vc_column_text css=&#8221;.vc_custom_1758102527340{padding-right: 15% !important;}&#8221;]<\/p>\n<h4 style=\"text-align: center;\"><span style=\"color: #999999;\">Maksimalna velikost zaslonov 3x 24&#8243;- 32&#8243;<br \/>\n<\/span><\/h4>\n<p>[\/vc_column_text][vc_empty_space height=&#8221;40px&#8221;]<div class=\"ult-just-icon-wrapper  \"><div class=\"align-icon\" style=\"text-align:center;\">\n<div class=\"aio-icon none \"  style=\"color:#FFFFFF;font-size:55px;display:inline-block;\">\n\t<i class=\"UVIDesk2-laptopStojalo_weight\"><\/i>\n<\/div><\/div><\/div>[vc_column_text css=&#8221;.vc_custom_1758102536876{padding-right: 15% !important;}&#8221;]<\/p>\n<h4 style=\"text-align: center;\"><span style=\"color: #999999;\">Najve\u010dja obremenitev 30 kg<\/span><\/h4>\n<p>[\/vc_column_text][vc_empty_space height=&#8221;40px&#8221;]<div class=\"ult-just-icon-wrapper  \"><div class=\"align-icon\" style=\"text-align:center;\">\n<div class=\"aio-icon none \"  style=\"color:#FFFFFF;font-size:55px;display:inline-block;\">\n\t<i class=\"UVI2020-racing_screen_rot\"><\/i>\n<\/div><\/div><\/div>[vc_column_text css=&#8221;.vc_custom_1758102545045{padding-right: 15% !important;}&#8221;]<\/p>\n<h4 style=\"text-align: center;\"><span style=\"color: #999999;\">Nastavljiv kot do 60\u00b0<br \/>\n<\/span><\/h4>\n<p>[\/vc_column_text][vc_empty_space height=&#8221;15px&#8221;][vc_single_image image=&#8221;17259&#8243; img_size=&#8221;full&#8221; alignment=&#8221;center&#8221; style=&#8221;vc_box_rounded&#8221; onclick=&#8221;link_image&#8221; css=&#8221;.vc_custom_1755761457498{padding-top: 20px !important;padding-right: 20px !important;padding-bottom: 20px !important;padding-left: 20px !important;background-color: #FFFFFF !important;border-radius: 5px !important;}&#8221;][\/vc_column_inner][\/vc_row_inner][vc_empty_space height=&#8221;95px&#8221;][\/vc_column][\/vc_row][vc_row content_placement=&#8221;middle&#8221; pix_particles_check=&#8221;&#8221; css=&#8221;.vc_custom_1755760958972{background-color: #000000 !important;}&#8221;][vc_column][vc_empty_space height=&#8221;95px&#8221;][\/vc_column][vc_column offset=&#8221;vc_col-lg-6 vc_col-md-offset-3 vc_col-md-6 vc_col-xs-12&#8243; css=&#8221;.vc_custom_1756102282494{background-color: #161617 !important;border-radius: 10px !important;}&#8221;][vc_column_text css=&#8221;.vc_custom_1756681449942{margin-top: 20px !important;margin-right: 20px !important;margin-bottom: 20px !important;margin-left: 20px !important;}&#8221;]<\/p>\n<h4 style=\"text-align: center;\"><span style=\"color: #999999;\"><span style=\"color: #ffffff;\"><strong><span style=\"font-size: 18pt;\">Navodila<\/span><\/strong><\/span><br \/>\n<span style=\"font-size: 14pt;\">Potrebuje\u0161 pomo\u010d pri sestavljanju stojala? Oglej si na\u0161 vodi\u010d za sestavo!<br \/>\n<a href=\"https:\/\/uvi.gg\/sl\/wp-content\/uploads\/2021\/10\/UVI-trojno-stojalo-za-monitor-TV.pdf\" target=\"_blank\" rel=\"noopener\">Prenesite navodila.<\/a><\/span><\/span><\/h4>\n<p>[\/vc_column_text][\/vc_column][vc_column][vc_empty_space height=&#8221;95px&#8221;][\/vc_column][\/vc_row][vc_row full_width=&#8221;stretch_row&#8221; equal_height=&#8221;yes&#8221; content_placement=&#8221;middle&#8221; pix_particles_check=&#8221;&#8221; css=&#8221;.vc_custom_1755761015804{background-color: #161617 !important;}&#8221;][vc_column css=&#8221;.vc_custom_1617000812477{padding-right: 5% !important;padding-left: 5% !important;}&#8221; offset=&#8221;vc_hidden-sm vc_hidden-xs&#8221;][vc_empty_space height=&#8221;55px&#8221;][vc_row_inner equal_height=&#8221;yes&#8221; content_placement=&#8221;middle&#8221; el_class=&#8221;veritcal&#8221;][vc_column_inner el_class=&#8221;d-flex align-items-center&#8221; width=&#8221;1\/4&#8243;][vc_single_image image=&#8221;9911789&#8243; img_size=&#8221;full&#8221; css=&#8221;&#8221;][\/vc_column_inner][vc_column_inner el_class=&#8221;d-flex align-items-center&#8221; width=&#8221;3\/4&#8243;][vc_column_text css=&#8221;&#8221;]<\/p>\n<h4><span style=\"color: #999999;\">Vsak nakup UVI Racing izdelkov pride z 2-letno garancijo na vse funkcionalne dele. Estetske po\u0161kodbe, zlorabe in naravna obraba niso krite v garanciji. Vsak nakup na UVI.GG ima 14-dnevno vra\u010dilo \u2013 brez tveganja!<\/span><\/h4>\n<p>[\/vc_column_text][\/vc_column_inner][\/vc_row_inner][vc_empty_space height=&#8221;55px&#8221;][\/vc_column][\/vc_row][vc_row full_width=&#8221;stretch_row&#8221; equal_height=&#8221;yes&#8221; content_placement=&#8221;middle&#8221; pix_particles_check=&#8221;&#8221; css=&#8221;.vc_custom_1755761022704{background-color: #161617 !important;}&#8221;][vc_column css=&#8221;.vc_custom_1617000816446{padding-right: 5% !important;padding-left: 5% !important;}&#8221; offset=&#8221;vc_hidden-lg vc_hidden-md&#8221;][vc_empty_space height=&#8221;55px&#8221;][vc_row_inner equal_height=&#8221;yes&#8221; content_placement=&#8221;middle&#8221; el_class=&#8221;veritcal&#8221;][vc_column_inner width=&#8221;3\/5&#8243; offset=&#8221;vc_col-xs-offset-1\/5 vc_col-xs-3\/5&#8243;][vc_single_image image=&#8221;9911789&#8243; img_size=&#8221;full&#8221; alignment=&#8221;center&#8221; css=&#8221;&#8221;][\/vc_column_inner][\/vc_row_inner][vc_row_inner equal_height=&#8221;yes&#8221; content_placement=&#8221;middle&#8221; el_class=&#8221;veritcal&#8221;][vc_column_inner][vc_empty_space height=&#8221;25px&#8221;][vc_column_text css=&#8221;&#8221;]<\/p>\n<h4 style=\"text-align: center;\"><span style=\"color: #999999;\">Vsak nakup UVI Racing izdelkov pride z 2-letno garancijo na vse funkcionalne dele. Estetske po\u0161kodbe, zlorabe in naravna obraba niso krite v garanciji. Vsak nakup na UVI.GG ima 14-dnevno vra\u010dilo \u2013 brez tveganja!<\/span><\/h4>\n<p>[\/vc_column_text][\/vc_column_inner][\/vc_row_inner][vc_empty_space height=&#8221;55px&#8221;][\/vc_column][\/vc_row]<\/p>\n<\/div>","protected":false},"excerpt":{"rendered":"<p>[vc_row full_width=&#8221;stretch_row&#8221; pix_particles_check=&#8221;&#8221; css=&#8221;.vc_custom_1755759961132{background-color: #F1F1F100 !important;}&#8221;][vc_column][vc_row_inner][vc_column_inner width=&#8221;1\/3&#8243;][\/vc_column_inner][vc_column_inner width=&#8221;1\/3&#8243; offset=&#8221;vc_hidden-sm vc_hidden-xs&#8221;][\/vc_column_inner][vc_column_inner width=&#8221;1\/3&#8243; offset=&#8221;vc_hidden-sm vc_hidden-xs&#8221;][\/vc_column_inner][\/vc_row_inner][vc_empty_space height=&#8221;30px&#8221;][\/vc_column][\/vc_row][vc_row full_width=&#8221;stretch_row&#8221; pix_particles_check=&#8221;&#8221; el_id=&#8221;pix_section_info&#8221; css=&#8221;.vc_custom_1755759996312{background-color: #161617 !important;}&#8221;][vc_column][vc_empty_space height=&#8221;95px&#8221;][vc_empty_space height=&#8221;35px&#8221;][vc_column_text css=&#8221;&#8221;] Trojni nosilec za monitorje ponuja dve nastavitvi vi\u0161ine. Razmaknjeni sta za 5 centimetrov pri 95,5 in 100,5&#8230;<\/p>\n","protected":false},"featured_media":15852,"comment_status":"open","ping_status":"closed","template":"","meta":[],"product_brand":[],"product_cat":[52,54,182,294],"product_tag":[183,194],"class_list":{"0":"post-15849","1":"product","2":"type-product","3":"status-publish","4":"has-post-thumbnail","6":"product_cat-uvi-racing","7":"product_cat-dodatki","8":"product_cat-tv-stojala","9":"product_cat-vecjipaket","10":"product_tag-uvi-racing","11":"product_tag-vsi-izdelki","12":"product_shipping_class-chairs-eu","14":"first","15":"instock","16":"sale","17":"taxable","18":"shipping-taxable","19":"purchasable","20":"product-type-simple"},"_links":{"self":[{"href":"https:\/\/uvi.gg\/sl\/wp-json\/wp\/v2\/product\/15849","targetHints":{"allow":["GET"]}}],"collection":[{"href":"https:\/\/uvi.gg\/sl\/wp-json\/wp\/v2\/product"}],"about":[{"href":"https:\/\/uvi.gg\/sl\/wp-json\/wp\/v2\/types\/product"}],"replies":[{"embeddable":true,"href":"https:\/\/uvi.gg\/sl\/wp-json\/wp\/v2\/comments?post=15849"}],"wp:featuredmedia":[{"embeddable":true,"href":"https:\/\/uvi.gg\/sl\/wp-json\/wp\/v2\/media\/15852"}],"wp:attachment":[{"href":"https:\/\/uvi.gg\/sl\/wp-json\/wp\/v2\/media?parent=15849"}],"wp:term":[{"taxonomy":"product_brand","embeddable":true,"href":"https:\/\/uvi.gg\/sl\/wp-json\/wp\/v2\/product_brand?post=15849"},{"taxonomy":"product_cat","embeddable":true,"href":"https:\/\/uvi.gg\/sl\/wp-json\/wp\/v2\/product_cat?post=15849"},{"taxonomy":"product_tag","embeddable":true,"href":"https:\/\/uvi.gg\/sl\/wp-json\/wp\/v2\/product_tag?post=15849"}],"curies":[{"name":"wp","href":"https:\/\/api.w.org\/{rel}","templated":true}]}}