{"id":13846,"date":"2021-05-14T08:03:19","date_gmt":"2021-05-14T06:03:19","guid":{"rendered":"https:\/\/uvi.gg\/?post_type=product&#038;p=13846"},"modified":"2026-04-07T18:16:07","modified_gmt":"2026-04-07T16:16:07","slug":"uvi-komplet-za-ureditev-kablov-ulti","status":"publish","type":"product","link":"https:\/\/uvi.gg\/sl\/izdelek\/uvi-komplet-za-ureditev-kablov-ulti\/","title":{"rendered":"Ultimativni komplet za kable"},"content":{"rendered":"<div class=\"wpb-content-wrapper\"><p>[vc_row full_width=&#8221;stretch_row&#8221; pix_particles_check=&#8221;&#8221; css=&#8221;.vc_custom_1759394934145{background-color: #F8F6F8 !important;}&#8221;][vc_column][vc_row_inner][vc_column_inner offset=&#8221;vc_hidden-lg vc_hidden-md&#8221;][vc_empty_space height=&#8221;30px&#8221;][\/vc_column_inner][\/vc_row_inner][vc_row_inner][vc_column_inner width=&#8221;1\/3&#8243;]<div class=\"animate-in d-inline-block w-100\" data-anim-type=\"fade-in-up\" data-anim-delay=\"100\"><div class=\"pix-shop-category card w-100 h-100 bg-custom pix-hover-item rounded-lg position-relative overflow-hidden  vc_custom_1631172379502  shadow-lg shadow-hover-lg text-left w-100 d-inline-block\" style=\"--pix-bg-color:#000000;\" ><img decoding=\"async\" srcset=\"https:\/\/uvi.gg\/sl\/wp-content\/uploads\/2021\/05\/Desks-300x144.jpg 300w, https:\/\/uvi.gg\/sl\/wp-content\/uploads\/2021\/05\/Desks-600x288.jpg 600w, https:\/\/uvi.gg\/sl\/wp-content\/uploads\/2021\/05\/Desks-1024x492.jpg 1024w, https:\/\/uvi.gg\/sl\/wp-content\/uploads\/2021\/05\/Desks-768x369.jpg 768w, https:\/\/uvi.gg\/sl\/wp-content\/uploads\/2021\/05\/Desks.jpg 1079w\" src=\"https:\/\/uvi.gg\/sl\/wp-content\/uploads\/2021\/05\/Desks-600x450.jpg\" class=\"card-img pix-bg-image pix-img-scale pix-opacity-6 rounded-lg pix-hover-opacity-8\" alt=\"Elektri\u010dne dvi\u017ene mize\"><a href=\"#pix_popup_15829\" class=\"d-inline-block w-100 pix-img-overlay pix-p-20\">\n\t\t\t\t  \t<div class=\"badge bg-dark-opacity-3 font-weight-bold secondary-font text-white\" >17 Izdelki<\/div>\n\t\t\t\t    <h5 class=\"card-title font-weight-bold secondary-font text-white pix-my-10\" >Elektri\u010dne dvi\u017ene mize<\/h5><span class=\"d-flex align-items-center secondary-font text-light-opacity-8\" ><span>Razi\u0161\u010di UVI mize<\/span><svg class=\"pixfort-icon pix-hover-right pix-hover-item text-20\" width=\"24\" height=\"24\"  data-name=\"Line\/pixfort-icon-arrow-right-2\" viewBox=\"2 2 20 20\"><polyline fill=\"none\" stroke=\"var(--pf-icon-color)\" stroke-linecap=\"round\" stroke-linejoin=\"round\" stroke-width=\"var(--pf-icon-stroke-width)\" points=\"9.5 17 14.5 12 9.5 7\"\/><\/svg><\/span><\/a>\n\t\t\t\t<\/div><\/div>[\/vc_column_inner][vc_column_inner width=&#8221;1\/3&#8243; offset=&#8221;vc_hidden-sm vc_hidden-xs&#8221;]<div class=\"animate-in d-inline-block w-100\" data-anim-type=\"fade-in-up\" data-anim-delay=\"100\"><div class=\"pix-shop-category card w-100 h-100 bg-custom pix-hover-item rounded-lg position-relative overflow-hidden  vc_custom_1631800037365  shadow-lg shadow-hover-lg text-left w-100 d-inline-block\" style=\"--pix-bg-color:#000000;\" ><img decoding=\"async\" srcset=\"https:\/\/uvi.gg\/sl\/wp-content\/uploads\/2021\/03\/UVI-Pride-300x144.jpg 300w, https:\/\/uvi.gg\/sl\/wp-content\/uploads\/2021\/03\/UVI-Pride-600x288.jpg 600w, https:\/\/uvi.gg\/sl\/wp-content\/uploads\/2021\/03\/UVI-Pride-1024x492.jpg 1024w, https:\/\/uvi.gg\/sl\/wp-content\/uploads\/2021\/03\/UVI-Pride-768x369.jpg 768w, https:\/\/uvi.gg\/sl\/wp-content\/uploads\/2021\/03\/UVI-Pride.jpg 1079w\" src=\"https:\/\/uvi.gg\/sl\/wp-content\/uploads\/2021\/03\/UVI-Pride-600x450.jpg\" class=\"card-img pix-bg-image pix-img-scale pix-opacity-6 rounded-lg pix-hover-opacity-8\" alt=\"Opti\u010dne+mehanske tipkovnice\"><a href=\"#pix_popup_15814\" class=\"d-inline-block w-100 pix-img-overlay pix-p-20\">\n\t\t\t\t  \t<div class=\"badge bg-dark-opacity-3 font-weight-bold secondary-font text-white\" >17 Izdelki<\/div>\n\t\t\t\t    <h5 class=\"card-title font-weight-bold secondary-font text-white pix-my-10\" >Opti\u010dne+mehanske tipkovnice<\/h5><span class=\"d-flex align-items-center secondary-font text-light-opacity-8\" ><span>Razi\u0161\u010di UVI tipkovnice<\/span><svg class=\"pixfort-icon pix-hover-right pix-hover-item text-20\" width=\"24\" height=\"24\"  data-name=\"Line\/pixfort-icon-arrow-right-2\" viewBox=\"2 2 20 20\"><polyline fill=\"none\" stroke=\"var(--pf-icon-color)\" stroke-linecap=\"round\" stroke-linejoin=\"round\" stroke-width=\"var(--pf-icon-stroke-width)\" points=\"9.5 17 14.5 12 9.5 7\"\/><\/svg><\/span><\/a>\n\t\t\t\t<\/div><\/div>[\/vc_column_inner][vc_column_inner width=&#8221;1\/3&#8243; offset=&#8221;vc_hidden-sm vc_hidden-xs&#8221;]<div class=\"animate-in d-inline-block w-100\" data-anim-type=\"fade-in-up\" data-anim-delay=\"100\"><div class=\"pix-shop-category card w-100 h-100 bg-custom pix-hover-item rounded-lg position-relative overflow-hidden  vc_custom_1631172388455  shadow-lg shadow-hover-lg text-left w-100 d-inline-block\" style=\"--pix-bg-color:#000000;\" ><img decoding=\"async\" srcset=\"https:\/\/uvi.gg\/sl\/wp-content\/uploads\/2021\/05\/Chairs-300x144.jpg 300w, https:\/\/uvi.gg\/sl\/wp-content\/uploads\/2021\/05\/Chairs-600x288.jpg 600w, https:\/\/uvi.gg\/sl\/wp-content\/uploads\/2021\/05\/Chairs-1024x492.jpg 1024w, https:\/\/uvi.gg\/sl\/wp-content\/uploads\/2021\/05\/Chairs-768x369.jpg 768w, https:\/\/uvi.gg\/sl\/wp-content\/uploads\/2021\/05\/Chairs.jpg 1079w\" src=\"https:\/\/uvi.gg\/sl\/wp-content\/uploads\/2021\/05\/Chairs-600x450.jpg\" class=\"card-img pix-bg-image pix-img-scale pix-opacity-6 rounded-lg pix-hover-opacity-8\" alt=\"Gaming in pisarni\u0161ki stoli\"><a href=\"#pix_popup_15818\" class=\"d-inline-block w-100 pix-img-overlay pix-p-20\">\n\t\t\t\t  \t<div class=\"badge bg-dark-opacity-3 font-weight-bold secondary-font text-white\" >17 Izdelki<\/div>\n\t\t\t\t    <h5 class=\"card-title font-weight-bold secondary-font text-white pix-my-10\" >Gaming in pisarni\u0161ki stoli<\/h5><span class=\"d-flex align-items-center secondary-font text-light-opacity-8\" ><span>Razi\u0161\u010di UVI stole<\/span><svg class=\"pixfort-icon pix-hover-right pix-hover-item text-20\" width=\"24\" height=\"24\"  data-name=\"Line\/pixfort-icon-arrow-right-2\" viewBox=\"2 2 20 20\"><polyline fill=\"none\" stroke=\"var(--pf-icon-color)\" stroke-linecap=\"round\" stroke-linejoin=\"round\" stroke-width=\"var(--pf-icon-stroke-width)\" points=\"9.5 17 14.5 12 9.5 7\"\/><\/svg><\/span><\/a>\n\t\t\t\t<\/div><\/div>[\/vc_column_inner][\/vc_row_inner][vc_empty_space height=&#8221;30px&#8221;][\/vc_column][\/vc_row][vc_row full_width=&#8221;stretch_row&#8221; pix_particles_check=&#8221;&#8221; el_id=&#8221;pix_section_info&#8221; css=&#8221;.vc_custom_1620901575333{background-color: #ffffff !important;}&#8221;][vc_column][vc_empty_space height=&#8221;95px&#8221;]<div id=\"sliding-text-48fd15ccfedf5075e064a77e238741b7\" class=\"mb-3 text-center \"><h1 class=\"mb-32 pix-sliding-headline-2 animate-in font-weight-bold secondary-font \" data-anim-type=\"pix-sliding-text\" pix-anim-delay=\"500\" data-class=\"secondary-font text-black\" style=\"\"><span class=\"slide-in-container \"><span class=\"pix-sliding-item secondary-font text-black\" style=\"transition-delay: 0ms;\">Idealna&#32;<\/span><\/span> <span class=\"slide-in-container \"><span class=\"pix-sliding-item secondary-font text-black\" style=\"transition-delay: 150ms;\">re\u0161itev&#32;<\/span><\/span> <span class=\"slide-in-container \"><span class=\"pix-sliding-item secondary-font text-black\" style=\"transition-delay: 300ms;\">za&#32;<\/span><\/span> <span class=\"slide-in-container \"><span class=\"pix-sliding-item secondary-font text-black\" style=\"transition-delay: 450ms;\">pisarno&#32;<\/span><\/span> <span class=\"slide-in-container \"><span class=\"pix-sliding-item secondary-font text-black\" style=\"transition-delay: 600ms;\">ali&#32;<\/span><\/span> <span class=\"slide-in-container \"><span class=\"pix-sliding-item secondary-font text-black\" style=\"transition-delay: 750ms;\">dom&#32;<\/span><\/span> <\/h1><\/div>[vc_empty_space height=&#8221;35px&#8221;][vc_column_text css=&#8221;&#8221;]<\/p>\n<h3 style=\"text-align: center;\">UVI za\u0161\u010dita za kable je prilagodljivo in raz\u0161irljivo varovalo kablov, ki je idealno za organizacijo in za\u0161\u010dito. Za\u0161\u010dita pomaga prepre\u010diti po\u0161kodbo kablov in hkrati zagotavlja urejen videz.<\/h3>\n<p>[\/vc_column_text][vc_empty_space height=&#8221;15px&#8221;][vc_single_image image=&#8221;13763&#8243; img_size=&#8221;full&#8221; alignment=&#8221;center&#8221; css=&#8221;.vc_custom_1620904750510{padding-right: 10% !important;padding-left: 10% !important;}&#8221;][vc_empty_space height=&#8221;95px&#8221;][\/vc_column][\/vc_row][vc_row full_width=&#8221;stretch_row&#8221; pix_particles_check=&#8221;&#8221; css=&#8221;.vc_custom_1620979959735{background-color: #f8f6f8 !important;}&#8221;][vc_column][vc_empty_space height=&#8221;95px&#8221;]<div id=\"sliding-text-95feec0371b7722cebaeb56163fc63a5\" class=\"mb-3 text-center \"><h1 class=\"mb-32 pix-sliding-headline-2 animate-in font-weight-bold secondary-font \" data-anim-type=\"pix-sliding-text\" pix-anim-delay=\"500\" data-class=\"secondary-font text-black\" style=\"\"><span class=\"slide-in-container \"><span class=\"pix-sliding-item secondary-font text-black\" style=\"transition-delay: 0ms;\">Super&#32;<\/span><\/span> <span class=\"slide-in-container \"><span class=\"pix-sliding-item secondary-font text-black\" style=\"transition-delay: 150ms;\">re\u0161itev&#32;<\/span><\/span> <span class=\"slide-in-container \"><span class=\"pix-sliding-item secondary-font text-black\" style=\"transition-delay: 300ms;\">za&#32;<\/span><\/span> <span class=\"slide-in-container \"><span class=\"pix-sliding-item secondary-font text-black\" style=\"transition-delay: 450ms;\">vse&#32;<\/span><\/span> <span class=\"slide-in-container \"><span class=\"pix-sliding-item secondary-font text-black\" style=\"transition-delay: 600ms;\">kablovje&#32;<\/span><\/span> <\/h1><\/div>[vc_empty_space height=&#8221;35px&#8221;][vc_column_text css=&#8221;&#8221;]<\/p>\n<h3 style=\"text-align: center;\">UVI ovoj kablov je prilagodljiva re\u0161itev upravljanja kablov za va\u0161 ra\u010dunalnik, televizor, igralno konzolo in druge naprave. Vsak ovoj je natan\u010dno za\u0161it ter dodatno oja\u010dan za dolgotrajno uporabo.<\/h3>\n<p>[\/vc_column_text][vc_empty_space height=&#8221;15px&#8221;][vc_single_image image=&#8221;13773&#8243; img_size=&#8221;full&#8221; alignment=&#8221;center&#8221; css=&#8221;.vc_custom_1620979909482{padding-right: 10% !important;padding-left: 10% !important;}&#8221;][vc_empty_space height=&#8221;95px&#8221;][\/vc_column][\/vc_row][vc_row full_width=&#8221;stretch_row&#8221; pix_particles_check=&#8221;&#8221; css=&#8221;.vc_custom_1620901575333{background-color: #ffffff !important;}&#8221;][vc_column][vc_empty_space height=&#8221;95px&#8221;]<div id=\"sliding-text-07a3d821d320c29b4181d072d395c52f\" class=\"mb-3 text-center \"><h1 class=\"mb-32 pix-sliding-headline-2 animate-in font-weight-bold secondary-font \" data-anim-type=\"pix-sliding-text\" pix-anim-delay=\"500\" data-class=\"secondary-font text-black\" style=\"\"><span class=\"slide-in-container \"><span class=\"pix-sliding-item secondary-font text-black\" style=\"transition-delay: 0ms;\">Pleteni&#32;<\/span><\/span> <span class=\"slide-in-container \"><span class=\"pix-sliding-item secondary-font text-black\" style=\"transition-delay: 150ms;\">kabelski&#32;<\/span><\/span> <span class=\"slide-in-container \"><span class=\"pix-sliding-item secondary-font text-black\" style=\"transition-delay: 300ms;\">ovoj&#32;<\/span><\/span> <span class=\"slide-in-container \"><span class=\"pix-sliding-item secondary-font text-black\" style=\"transition-delay: 450ms;\">za&#32;<\/span><\/span> <span class=\"slide-in-container \"><span class=\"pix-sliding-item secondary-font text-black\" style=\"transition-delay: 600ms;\">minimalisti\u010dni&#32;<\/span><\/span> <span class=\"slide-in-container \"><span class=\"pix-sliding-item secondary-font text-black\" style=\"transition-delay: 750ms;\">izgled&#32;<\/span><\/span> <\/h1><\/div>[vc_empty_space height=&#8221;35px&#8221;][vc_column_text css=&#8221;&#8221;]<\/p>\n<h3 style=\"text-align: center;\">UVI pleteni kabelski ovoj je izdelan iz vrhunskega poliestra, ki omogo\u010da za\u0161\u010dito in enostavno urejanje kablov. Ustvari simplisti\u010den izgled va\u0161ega delovnega okolja.<\/h3>\n<p>[\/vc_column_text][vc_empty_space height=&#8221;15px&#8221;][vc_single_image image=&#8221;13781&#8243; img_size=&#8221;full&#8221; alignment=&#8221;center&#8221; css=&#8221;.vc_custom_1620980038402{padding-right: 10% !important;padding-left: 10% !important;}&#8221;][vc_empty_space height=&#8221;95px&#8221;][\/vc_column][\/vc_row][vc_row full_width=&#8221;stretch_row&#8221; pix_particles_check=&#8221;&#8221; css=&#8221;.vc_custom_1620979959735{background-color: #f8f6f8 !important;}&#8221;][vc_column][vc_empty_space height=&#8221;95px&#8221;]<div id=\"sliding-text-aaec5159b63006902e4555bdc6a3423b\" class=\"mb-3 text-center \"><h1 class=\"mb-32 pix-sliding-headline-2 animate-in font-weight-bold secondary-font \" data-anim-type=\"pix-sliding-text\" pix-anim-delay=\"500\" data-class=\"secondary-font text-black\" style=\"\"><span class=\"slide-in-container \"><span class=\"pix-sliding-item secondary-font text-black\" style=\"transition-delay: 0ms;\">U\u017eivaj&#32;<\/span><\/span> <span class=\"slide-in-container \"><span class=\"pix-sliding-item secondary-font text-black\" style=\"transition-delay: 150ms;\">v&#32;<\/span><\/span> <span class=\"slide-in-container \"><span class=\"pix-sliding-item secondary-font text-black\" style=\"transition-delay: 300ms;\">\u010disti&#32;<\/span><\/span> <span class=\"slide-in-container \"><span class=\"pix-sliding-item secondary-font text-black\" style=\"transition-delay: 450ms;\">mizi,&#32;<\/span><\/span> <span class=\"slide-in-container \"><span class=\"pix-sliding-item secondary-font text-black\" style=\"transition-delay: 600ms;\">brez&#32;<\/span><\/span> <span class=\"slide-in-container \"><span class=\"pix-sliding-item secondary-font text-black\" style=\"transition-delay: 750ms;\">nereda&#32;<\/span><\/span> <\/h1><\/div>[vc_empty_space height=&#8221;35px&#8221;][vc_column_text css=&#8221;&#8221;]<\/p>\n<h3 style=\"text-align: center;\">UVI jekleno dr\u017ealo za kable je preprosta re\u0161itev za diskretno shranjevanje vseh ra\u010dunalni\u0161kih kablov pod tvojo mizo. Njegov sodoben videz se popolnoma ujema s \u010distim in simplisti\u010dnim izgledom modernega delovnega okolja.<\/h3>\n<p>[\/vc_column_text][vc_empty_space height=&#8221;15px&#8221;][vc_single_image image=&#8221;13790&#8243; img_size=&#8221;full&#8221; alignment=&#8221;center&#8221; css=&#8221;.vc_custom_1620980127247{padding-right: 10% !important;padding-left: 10% !important;}&#8221;][\/vc_column][\/vc_row][vc_row full_width=&#8221;stretch_row&#8221; pix_particles_check=&#8221;&#8221; css=&#8221;.vc_custom_1620901575333{background-color: #ffffff !important;}&#8221;][vc_column][vc_empty_space height=&#8221;95px&#8221;]<div id=\"sliding-text-9fec4c3b5e5f3ed1388197dfdd4f6518\" class=\"mb-3 text-center \"><h1 class=\"mb-32 pix-sliding-headline-2 animate-in font-weight-bold secondary-font \" data-anim-type=\"pix-sliding-text\" pix-anim-delay=\"500\" data-class=\"secondary-font text-black\" style=\"\"><span class=\"slide-in-container \"><span class=\"pix-sliding-item secondary-font text-black\" style=\"transition-delay: 0ms;\">Odli\u010dna&#32;<\/span><\/span> <span class=\"slide-in-container \"><span class=\"pix-sliding-item secondary-font text-black\" style=\"transition-delay: 150ms;\">re\u0161itev&#32;<\/span><\/span> <span class=\"slide-in-container \"><span class=\"pix-sliding-item secondary-font text-black\" style=\"transition-delay: 300ms;\">za&#32;<\/span><\/span> <span class=\"slide-in-container \"><span class=\"pix-sliding-item secondary-font text-black\" style=\"transition-delay: 450ms;\">slu\u0161alke,&#32;<\/span><\/span> <span class=\"slide-in-container \"><span class=\"pix-sliding-item secondary-font text-black\" style=\"transition-delay: 600ms;\">napajalne&#32;<\/span><\/span> <span class=\"slide-in-container \"><span class=\"pix-sliding-item secondary-font text-black\" style=\"transition-delay: 750ms;\">kable&#32;<\/span><\/span> <span class=\"slide-in-container \"><span class=\"pix-sliding-item secondary-font text-black\" style=\"transition-delay: 900ms;\">in&#32;<\/span><\/span> <span class=\"slide-in-container \"><span class=\"pix-sliding-item secondary-font text-black\" style=\"transition-delay: 1050ms;\">polnilnike&#32;<\/span><\/span> <\/h1><\/div>[vc_empty_space height=&#8221;35px&#8221;][vc_column_text]<\/p>\n<p style=\"text-align: center;\"><span style=\"font-size: 24pt; line-height: 1.2;\"><strong>UVI gumijasto kabelsko spenjalo<\/strong> ti pomaga ustvariti udoben in kompakten snop kablov v tvojem domu, pisarni ali na potovanju. Je <strong>idealna<\/strong> re\u0161itev za vzdr\u017eevanje kablov v urejeni obliki.<\/span><\/p>\n<p>[\/vc_column_text][vc_empty_space height=&#8221;15px&#8221;][vc_single_image image=&#8221;13749&#8243; img_size=&#8221;full&#8221; alignment=&#8221;center&#8221; style=&#8221;vc_box_rounded&#8221; css=&#8221;.vc_custom_1759395177683{padding-right: 20% !important;padding-left: 20% !important;}&#8221;][vc_empty_space height=&#8221;95px&#8221;][\/vc_column][\/vc_row][vc_row full_width=&#8221;stretch_row&#8221; equal_height=&#8221;yes&#8221; content_placement=&#8221;middle&#8221; pix_particles_check=&#8221;&#8221; css=&#8221;.vc_custom_1759395192567{background-color: #F8F6F8 !important;}&#8221;][vc_column css=&#8221;.vc_custom_1617000812477{padding-right: 5% !important;padding-left: 5% !important;}&#8221; offset=&#8221;vc_hidden-sm vc_hidden-xs&#8221;][vc_empty_space height=&#8221;55px&#8221;][vc_row_inner equal_height=&#8221;yes&#8221; content_placement=&#8221;middle&#8221; el_class=&#8221;veritcal&#8221;][vc_column_inner el_class=&#8221;d-flex align-items-center&#8221; width=&#8221;1\/4&#8243;][vc_single_image image=&#8221;9911788&#8243; img_size=&#8221;full&#8221; css=&#8221;&#8221;][\/vc_column_inner][vc_column_inner el_class=&#8221;d-flex align-items-center&#8221; width=&#8221;3\/4&#8243;][vc_column_text css=&#8221;&#8221;]<\/p>\n<h4>Vsak nakup UVI namiznih dodatkov vsebuje 2-letno garancijo na vse funkcionalne dele. Estetske po\u0161kodbe, zlorabe in naravna obraba niso zajete v garanciji. Vsak nakup na UVI.GG vsebuje 14-dnevno vra\u010dilo izdelka \u2013 brez tveganja!<\/h4>\n<p>[\/vc_column_text][\/vc_column_inner][\/vc_row_inner][vc_empty_space height=&#8221;55px&#8221;][\/vc_column][\/vc_row][vc_row full_width=&#8221;stretch_row&#8221; equal_height=&#8221;yes&#8221; content_placement=&#8221;middle&#8221; pix_particles_check=&#8221;&#8221; css=&#8221;.vc_custom_1759395199834{background-color: #F8F6F8 !important;}&#8221;][vc_column css=&#8221;.vc_custom_1617000816446{padding-right: 5% !important;padding-left: 5% !important;}&#8221; offset=&#8221;vc_hidden-lg vc_hidden-md&#8221;][vc_empty_space height=&#8221;55px&#8221;][vc_row_inner equal_height=&#8221;yes&#8221; content_placement=&#8221;middle&#8221; el_class=&#8221;veritcal&#8221;][vc_column_inner width=&#8221;3\/5&#8243; offset=&#8221;vc_col-xs-offset-1\/5 vc_col-xs-3\/5&#8243;][vc_single_image image=&#8221;9911788&#8243; img_size=&#8221;full&#8221; alignment=&#8221;center&#8221; css=&#8221;&#8221;][\/vc_column_inner][\/vc_row_inner][vc_row_inner equal_height=&#8221;yes&#8221; content_placement=&#8221;middle&#8221; el_class=&#8221;veritcal&#8221;][vc_column_inner][vc_empty_space height=&#8221;25px&#8221;][vc_column_text css=&#8221;&#8221;]<\/p>\n<h4 style=\"text-align: center;\">Vsak nakup UVI namiznih dodatkov vsebuje 2-letno garancijo na vse funkcionalne dele. Estetske po\u0161kodbe, zlorabe in naravna obraba niso zajete v garanciji. Vsak nakup na UVI.GG vsebuje 14-dnevno vra\u010dilo izdelka \u2013 brez tveganja!<\/h4>\n<p>[\/vc_column_text][\/vc_column_inner][\/vc_row_inner][vc_empty_space height=&#8221;55px&#8221;][\/vc_column][\/vc_row]<\/p>\n<\/div>","protected":false},"excerpt":{"rendered":"<p>[vc_row full_width=&#8221;stretch_row&#8221; pix_particles_check=&#8221;&#8221; css=&#8221;.vc_custom_1759394934145{background-color: #F8F6F8 !important;}&#8221;][vc_column][vc_row_inner][vc_column_inner offset=&#8221;vc_hidden-lg vc_hidden-md&#8221;][vc_empty_space height=&#8221;30px&#8221;][\/vc_column_inner][\/vc_row_inner][vc_row_inner][vc_column_inner width=&#8221;1\/3&#8243;][\/vc_column_inner][vc_column_inner width=&#8221;1\/3&#8243; offset=&#8221;vc_hidden-sm vc_hidden-xs&#8221;][\/vc_column_inner][vc_column_inner width=&#8221;1\/3&#8243; offset=&#8221;vc_hidden-sm vc_hidden-xs&#8221;][\/vc_column_inner][\/vc_row_inner][vc_empty_space height=&#8221;30px&#8221;][\/vc_column][\/vc_row][vc_row full_width=&#8221;stretch_row&#8221; pix_particles_check=&#8221;&#8221; el_id=&#8221;pix_section_info&#8221; css=&#8221;.vc_custom_1620901575333{background-color: #ffffff !important;}&#8221;][vc_column][vc_empty_space height=&#8221;95px&#8221;][vc_empty_space height=&#8221;35px&#8221;][vc_column_text css=&#8221;&#8221;] UVI za\u0161\u010dita za kable je prilagodljivo in raz\u0161irljivo varovalo kablov, ki je idealno za&#8230;<\/p>\n","protected":false},"featured_media":13847,"comment_status":"open","ping_status":"closed","template":"","meta":[],"product_brand":[],"product_cat":[78,79,25],"product_tag":[210,212,194],"class_list":{"0":"post-13846","1":"product","2":"type-product","3":"status-publish","4":"has-post-thumbnail","6":"product_cat-dodatki-uvi-desk","7":"product_cat-upravljanje-kablovja","8":"product_cat-uvi-desk","9":"product_tag-pisarniski-dodatki","10":"product_tag-upravljanje-kablovja","11":"product_tag-vsi-izdelki","13":"first","14":"instock","15":"taxable","16":"shipping-taxable","17":"purchasable","18":"product-type-simple"},"_links":{"self":[{"href":"https:\/\/uvi.gg\/sl\/wp-json\/wp\/v2\/product\/13846","targetHints":{"allow":["GET"]}}],"collection":[{"href":"https:\/\/uvi.gg\/sl\/wp-json\/wp\/v2\/product"}],"about":[{"href":"https:\/\/uvi.gg\/sl\/wp-json\/wp\/v2\/types\/product"}],"replies":[{"embeddable":true,"href":"https:\/\/uvi.gg\/sl\/wp-json\/wp\/v2\/comments?post=13846"}],"wp:featuredmedia":[{"embeddable":true,"href":"https:\/\/uvi.gg\/sl\/wp-json\/wp\/v2\/media\/13847"}],"wp:attachment":[{"href":"https:\/\/uvi.gg\/sl\/wp-json\/wp\/v2\/media?parent=13846"}],"wp:term":[{"taxonomy":"product_brand","embeddable":true,"href":"https:\/\/uvi.gg\/sl\/wp-json\/wp\/v2\/product_brand?post=13846"},{"taxonomy":"product_cat","embeddable":true,"href":"https:\/\/uvi.gg\/sl\/wp-json\/wp\/v2\/product_cat?post=13846"},{"taxonomy":"product_tag","embeddable":true,"href":"https:\/\/uvi.gg\/sl\/wp-json\/wp\/v2\/product_tag?post=13846"}],"curies":[{"name":"wp","href":"https:\/\/api.w.org\/{rel}","templated":true}]}}