{"id":13835,"date":"2021-05-14T07:45:28","date_gmt":"2021-05-14T05:45:28","guid":{"rendered":"https:\/\/uvi.gg\/?post_type=product&#038;p=13835"},"modified":"2026-04-14T18:16:07","modified_gmt":"2026-04-14T16:16:07","slug":"vesa-nosilec-za-dva-monitorja-s-plinsko-vzmetjo","status":"publish","type":"product","link":"https:\/\/uvi.gg\/sl\/izdelek\/vesa-nosilec-za-dva-monitorja-s-plinsko-vzmetjo\/","title":{"rendered":"Dvojni plinski VESA nosilec"},"content":{"rendered":"<div class=\"wpb-content-wrapper\"><p>[vc_row full_width=&#8221;stretch_row&#8221; pix_particles_check=&#8221;&#8221; css=&#8221;.vc_custom_1759408417578{background-color: #F8F6F8 !important;}&#8221;][vc_column][vc_row_inner][vc_column_inner offset=&#8221;vc_hidden-lg vc_hidden-md&#8221;][vc_empty_space height=&#8221;30px&#8221;][\/vc_column_inner][\/vc_row_inner][vc_row_inner][vc_column_inner width=&#8221;1\/3&#8243;]<div class=\"animate-in d-inline-block w-100\" data-anim-type=\"fade-in-up\" data-anim-delay=\"100\"><div class=\"pix-shop-category card w-100 h-100 bg-custom pix-hover-item rounded-lg position-relative overflow-hidden  vc_custom_1633505485882  shadow-lg shadow-hover-lg text-left w-100 d-inline-block\" style=\"--pix-bg-color:#000000;\" ><img decoding=\"async\" srcset=\"https:\/\/uvi.gg\/sl\/wp-content\/uploads\/2021\/05\/Cable-management-1-1-300x144.jpg 300w, https:\/\/uvi.gg\/sl\/wp-content\/uploads\/2021\/05\/Cable-management-1-1-600x288.jpg 600w, https:\/\/uvi.gg\/sl\/wp-content\/uploads\/2021\/05\/Cable-management-1-1-1024x492.jpg 1024w, https:\/\/uvi.gg\/sl\/wp-content\/uploads\/2021\/05\/Cable-management-1-1-768x369.jpg 768w, https:\/\/uvi.gg\/sl\/wp-content\/uploads\/2021\/05\/Cable-management-1-1.jpg 1079w\" src=\"https:\/\/uvi.gg\/sl\/wp-content\/uploads\/2021\/05\/Cable-management-1-1-600x450.jpg\" class=\"card-img pix-bg-image pix-img-scale pix-opacity-6 rounded-lg pix-hover-opacity-8\" alt=\"Upravljanje kablov\"><a href=\"#pix_popup_15874\" class=\"d-inline-block w-100 pix-img-overlay pix-p-20\">\n\t\t\t\t  \t<div class=\"badge bg-dark-opacity-3 font-weight-bold secondary-font text-white\" >17 Izdelki<\/div>\n\t\t\t\t    <h5 class=\"card-title font-weight-bold secondary-font text-white pix-my-10\" >Upravljanje kablov<\/h5><span class=\"d-flex align-items-center secondary-font text-light-opacity-8\" ><span>Razi\u0161\u010di re\u0161itve za kablovje<\/span><svg class=\"pixfort-icon pix-hover-right pix-hover-item text-20\" width=\"24\" height=\"24\"  data-name=\"Line\/pixfort-icon-arrow-right-2\" viewBox=\"2 2 20 20\"><polyline fill=\"none\" stroke=\"var(--pf-icon-color)\" stroke-linecap=\"round\" stroke-linejoin=\"round\" stroke-width=\"var(--pf-icon-stroke-width)\" points=\"9.5 17 14.5 12 9.5 7\"\/><\/svg><\/span><\/a>\n\t\t\t\t<\/div><\/div>[\/vc_column_inner][vc_column_inner width=&#8221;1\/3&#8243; offset=&#8221;vc_hidden-sm vc_hidden-xs&#8221;]<div class=\"animate-in d-inline-block w-100\" data-anim-type=\"fade-in-up\" data-anim-delay=\"100\"><div class=\"pix-shop-category card w-100 h-100 bg-custom pix-hover-item rounded-lg position-relative overflow-hidden  vc_custom_1631800301928  shadow-lg shadow-hover-lg text-left w-100 d-inline-block\" style=\"--pix-bg-color:#000000;\" ><img decoding=\"async\" srcset=\"https:\/\/uvi.gg\/sl\/wp-content\/uploads\/2021\/05\/mounter-4-300x144.jpg 300w, https:\/\/uvi.gg\/sl\/wp-content\/uploads\/2021\/05\/mounter-4-600x288.jpg 600w, https:\/\/uvi.gg\/sl\/wp-content\/uploads\/2021\/05\/mounter-4-1024x492.jpg 1024w, https:\/\/uvi.gg\/sl\/wp-content\/uploads\/2021\/05\/mounter-4-768x369.jpg 768w, https:\/\/uvi.gg\/sl\/wp-content\/uploads\/2021\/05\/mounter-4.jpg 1079w\" src=\"https:\/\/uvi.gg\/sl\/wp-content\/uploads\/2021\/05\/mounter-4-600x450.jpg\" class=\"card-img pix-bg-image pix-img-scale pix-opacity-6 rounded-lg pix-hover-opacity-8\" alt=\"Namizni dodatki\"><a href=\"#pix_popup_15878\" class=\"d-inline-block w-100 pix-img-overlay pix-p-20\">\n\t\t\t\t  \t<div class=\"badge bg-dark-opacity-3 font-weight-bold secondary-font text-white\" >17 Izdelki<\/div>\n\t\t\t\t    <h5 class=\"card-title font-weight-bold secondary-font text-white pix-my-10\" >Namizni dodatki<\/h5><span class=\"d-flex align-items-center secondary-font text-light-opacity-8\" ><span>Razi\u0161\u010di namizne dodatke<\/span><svg class=\"pixfort-icon pix-hover-right pix-hover-item text-20\" width=\"24\" height=\"24\"  data-name=\"Line\/pixfort-icon-arrow-right-2\" viewBox=\"2 2 20 20\"><polyline fill=\"none\" stroke=\"var(--pf-icon-color)\" stroke-linecap=\"round\" stroke-linejoin=\"round\" stroke-width=\"var(--pf-icon-stroke-width)\" points=\"9.5 17 14.5 12 9.5 7\"\/><\/svg><\/span><\/a>\n\t\t\t\t<\/div><\/div>[\/vc_column_inner][vc_column_inner width=&#8221;1\/3&#8243; offset=&#8221;vc_hidden-sm vc_hidden-xs&#8221;]<div class=\"animate-in d-inline-block w-100\" data-anim-type=\"fade-in-up\" data-anim-delay=\"100\"><div class=\"pix-shop-category card w-100 h-100 bg-custom pix-hover-item rounded-lg position-relative overflow-hidden  vc_custom_1631172461070  shadow-lg shadow-hover-lg text-left w-100 d-inline-block\" style=\"--pix-bg-color:#000000;\" ><img decoding=\"async\" srcset=\"https:\/\/uvi.gg\/sl\/wp-content\/uploads\/2021\/05\/Desks-300x144.jpg 300w, https:\/\/uvi.gg\/sl\/wp-content\/uploads\/2021\/05\/Desks-600x288.jpg 600w, https:\/\/uvi.gg\/sl\/wp-content\/uploads\/2021\/05\/Desks-1024x492.jpg 1024w, https:\/\/uvi.gg\/sl\/wp-content\/uploads\/2021\/05\/Desks-768x369.jpg 768w, https:\/\/uvi.gg\/sl\/wp-content\/uploads\/2021\/05\/Desks.jpg 1079w\" src=\"https:\/\/uvi.gg\/sl\/wp-content\/uploads\/2021\/05\/Desks-600x450.jpg\" class=\"card-img pix-bg-image pix-img-scale pix-opacity-6 rounded-lg pix-hover-opacity-8\" alt=\"Elektri\u010dne dvi\u017ene mize\"><a href=\"#pix_popup_15829\" class=\"d-inline-block w-100 pix-img-overlay pix-p-20\">\n\t\t\t\t  \t<div class=\"badge bg-dark-opacity-3 font-weight-bold secondary-font text-white\" >17 Izdelki<\/div>\n\t\t\t\t    <h5 class=\"card-title font-weight-bold secondary-font text-white pix-my-10\" >Elektri\u010dne dvi\u017ene mize<\/h5><span class=\"d-flex align-items-center secondary-font text-light-opacity-8\" ><span>Razi\u0161\u010di UVI mize<\/span><svg class=\"pixfort-icon pix-hover-right pix-hover-item text-20\" width=\"24\" height=\"24\"  data-name=\"Line\/pixfort-icon-arrow-right-2\" viewBox=\"2 2 20 20\"><polyline fill=\"none\" stroke=\"var(--pf-icon-color)\" stroke-linecap=\"round\" stroke-linejoin=\"round\" stroke-width=\"var(--pf-icon-stroke-width)\" points=\"9.5 17 14.5 12 9.5 7\"\/><\/svg><\/span><\/a>\n\t\t\t\t<\/div><\/div>[\/vc_column_inner][\/vc_row_inner][vc_empty_space height=&#8221;30px&#8221;][\/vc_column][\/vc_row][vc_row full_width=&#8221;stretch_row&#8221; pix_particles_check=&#8221;&#8221; el_id=&#8221;pix_section_info&#8221; css=&#8221;.vc_custom_1759408465019{background-color: #FFFFFF !important;}&#8221;][vc_column][vc_empty_space height=&#8221;95px&#8221;]<div id=\"sliding-text-aeabd50934fac96cb77a3e2b24578883\" class=\"mb-3 text-center \"><h1 class=\"mb-32 pix-sliding-headline-2 animate-in font-weight-bold secondary-font \" data-anim-type=\"pix-sliding-text\" pix-anim-delay=\"500\" data-class=\"secondary-font text-black\" style=\"\"><span class=\"slide-in-container \"><span class=\"pix-sliding-item secondary-font text-black\" style=\"transition-delay: 0ms;\">Odkrij&#32;<\/span><\/span> <span class=\"slide-in-container \"><span class=\"pix-sliding-item secondary-font text-black\" style=\"transition-delay: 150ms;\">idealno&#32;<\/span><\/span> <span class=\"slide-in-container \"><span class=\"pix-sliding-item secondary-font text-black\" style=\"transition-delay: 300ms;\">ergonomsko&#32;<\/span><\/span> <span class=\"slide-in-container \"><span class=\"pix-sliding-item secondary-font text-black\" style=\"transition-delay: 450ms;\">pozicijo&#32;<\/span><\/span> <span class=\"slide-in-container \"><span class=\"pix-sliding-item secondary-font text-black\" style=\"transition-delay: 600ms;\">za&#32;<\/span><\/span> <span class=\"slide-in-container \"><span class=\"pix-sliding-item secondary-font text-black\" style=\"transition-delay: 750ms;\">svoja&#32;<\/span><\/span> <span class=\"slide-in-container \"><span class=\"pix-sliding-item secondary-font text-black\" style=\"transition-delay: 900ms;\">monitorja!&#32;<\/span><\/span> <\/h1><\/div>[vc_empty_space height=&#8221;35px&#8221;][vc_column_text css=&#8221;&#8221;]<\/p>\n<h3 style=\"text-align: center;\">Dvojni VESA plinski nosilec omogo\u010da premikanje monitorjev bli\u017eje ali dlje, nagibanje, vrtenje in obra\u010danje. Tako bo\u0161 brez te\u017eav odkril svojo idealno ergonomsko pozicijo za svoja zaslona!<\/h3>\n<p>[\/vc_column_text][vc_empty_space height=&#8221;15px&#8221;][vc_single_image image=&#8221;13843&#8243; img_size=&#8221;full&#8221; alignment=&#8221;center&#8221; css=&#8221;.vc_custom_1620979305463{padding-right: 5% !important;padding-left: 5% !important;}&#8221;][vc_empty_space height=&#8221;95px&#8221;][\/vc_column][\/vc_row][vc_row full_width=&#8221;stretch_row&#8221; pix_particles_check=&#8221;&#8221; css=&#8221;.vc_custom_1759408472931{background-color: #F8F6F8 !important;}&#8221;][vc_column][vc_empty_space height=&#8221;95px&#8221;]<div id=\"sliding-text-f53d02704b82a884f0d51d898e050297\" class=\"mb-3 text-center \"><h1 class=\"mb-32 pix-sliding-headline-2 animate-in font-weight-bold secondary-font \" data-anim-type=\"pix-sliding-text\" pix-anim-delay=\"500\" data-class=\"secondary-font text-black\" style=\"\"><span class=\"slide-in-container \"><span class=\"pix-sliding-item secondary-font text-black\" style=\"transition-delay: 0ms;\">Primeren&#32;<\/span><\/span> <span class=\"slide-in-container \"><span class=\"pix-sliding-item secondary-font text-black\" style=\"transition-delay: 150ms;\">za&#32;<\/span><\/span> <span class=\"slide-in-container \"><span class=\"pix-sliding-item secondary-font text-black\" style=\"transition-delay: 300ms;\">ve\u010dino&#32;<\/span><\/span> <span class=\"slide-in-container \"><span class=\"pix-sliding-item secondary-font text-black\" style=\"transition-delay: 450ms;\">monitorjev&#32;<\/span><\/span> <span class=\"slide-in-container \"><span class=\"pix-sliding-item secondary-font text-black\" style=\"transition-delay: 600ms;\">velikosti&#32;<\/span><\/span> <span class=\"slide-in-container \"><span class=\"pix-sliding-item secondary-font text-black\" style=\"transition-delay: 750ms;\">med&#32;<\/span><\/span> <span class=\"slide-in-container \"><span class=\"pix-sliding-item secondary-font text-black\" style=\"transition-delay: 900ms;\">17\u2033&#32;<\/span><\/span> <span class=\"slide-in-container \"><span class=\"pix-sliding-item secondary-font text-black\" style=\"transition-delay: 1050ms;\">in&#32;<\/span><\/span> <span class=\"slide-in-container \"><span class=\"pix-sliding-item secondary-font text-black\" style=\"transition-delay: 1200ms;\">32\u2033&#32;<\/span><\/span> <\/h1><\/div>[vc_empty_space height=&#8221;35px&#8221;][vc_column_text css=&#8221;&#8221;]<\/p>\n<h3 style=\"text-align: center;\">Dvojni plinski VESA nosilec je kompatibilen z ve\u010dino ra\u010dunalni\u0161kih monitorjev v razponu od 17\u2033 do 32\u2033. Lahko uporabi\u0161 tudi ve\u010dji zaslon, a pazi, da vsak od njiju ne bo te\u017eji od 9 kilogramov.<\/h3>\n<p>[\/vc_column_text][vc_empty_space height=&#8221;15px&#8221;][vc_single_image image=&#8221;13844&#8243; img_size=&#8221;full&#8221; alignment=&#8221;center&#8221;][\/vc_column][\/vc_row][vc_row full_width=&#8221;stretch_row&#8221; pix_particles_check=&#8221;&#8221; css=&#8221;.vc_custom_1759408529385{background-color: #FFFFFF !important;}&#8221; el_id=&#8221;pix_section_specifications&#8221; el_class=&#8221;specifications&#8221;][vc_column][vc_empty_space height=&#8221;95px&#8221;]<div id=\"sliding-text-e40d6021859576a0603f1eafb523d6c8\" class=\"mb-3 text-center \"><h1 class=\"mb-32 pix-sliding-headline-2 animate-in font-weight-bold secondary-font \" data-anim-type=\"pix-sliding-text\" pix-anim-delay=\"500\" data-class=\"secondary-font text-black\" style=\"\"><span class=\"slide-in-container \"><span class=\"pix-sliding-item secondary-font text-black\" style=\"transition-delay: 0ms;\">Specifikacije&#32;<\/span><\/span> <span class=\"slide-in-container \"><span class=\"pix-sliding-item secondary-font text-black\" style=\"transition-delay: 150ms;\">in&#32;<\/span><\/span> <span class=\"slide-in-container \"><span class=\"pix-sliding-item secondary-font text-black\" style=\"transition-delay: 300ms;\">dimenzije&#32;<\/span><\/span> <\/h1><\/div>[vc_row_inner][vc_column_inner offset=&#8221;vc_hidden-sm vc_hidden-xs&#8221;][vc_empty_space height=&#8221;35px&#8221;][\/vc_column_inner][\/vc_row_inner][vc_row_inner equal_height=&#8221;yes&#8221; content_placement=&#8221;middle&#8221;][vc_column_inner offset=&#8221;vc_hidden-lg vc_hidden-md&#8221;][vc_empty_space height=&#8221;40px&#8221;][\/vc_column_inner][\/vc_row_inner][vc_row_inner equal_height=&#8221;yes&#8221; content_placement=&#8221;middle&#8221;][vc_column_inner el_class=&#8221;d-flex align-items-center&#8221; width=&#8221;1\/4&#8243; offset=&#8221;vc_hidden-sm vc_hidden-xs&#8221;]<div class=\"ult-just-icon-wrapper  \"><div class=\"align-icon\" style=\"text-align:left;\">\n<div class=\"aio-icon none \"  style=\"color:#666666;font-size:55px;\">\n\t<i class=\"Desk2-laptopStojalo_screenDimensions\"><\/i>\n<\/div><\/div><\/div>[vc_column_text css=&#8221;&#8221;]<\/p>\n<h4>Kompatibilen s<br \/>\n17\u2033- 32\u2033 monitorji<\/h4>\n<p>[\/vc_column_text][vc_empty_space height=&#8221;40px&#8221;]<div class=\"ult-just-icon-wrapper  \"><div class=\"align-icon\" style=\"text-align:left;\">\n<div class=\"aio-icon none \"  style=\"color:#666666;font-size:55px;\">\n\t<i class=\"UVIDesk2-laptopStojalo_weight\"><\/i>\n<\/div><\/div><\/div>[vc_column_text css=&#8221;&#8221;]<\/p>\n<h4>Najve\u010dja obremenitev:<br \/>\ndo 2x 9 kg<\/h4>\n<p>[\/vc_column_text][\/vc_column_inner][vc_column_inner el_class=&#8221;d-flex align-items-center&#8221; width=&#8221;1\/4&#8243; offset=&#8221;vc_hidden-sm vc_hidden-xs&#8221;]<div class=\"ult-just-icon-wrapper  \"><div class=\"align-icon\" style=\"text-align:left;\">\n<div class=\"aio-icon-img \" style=\"font-size:48px;display:inline-block;\" >\n\t<img decoding=\"async\" class=\"img-icon\" alt=\"null\" src=\"https:\/\/uvi.gg\/sl\/wp-content\/uploads\/2024\/01\/vesa-holes_24.svg\"\/>\n<\/div><\/div><\/div>[vc_column_text css=&#8221;&#8221;]<\/p>\n<h4>VESA 75 \u00d7 75<br \/>\nin 100 \u00d7 100<\/h4>\n<p>[\/vc_column_text][vc_empty_space height=&#8221;40px&#8221;]<div class=\"ult-just-icon-wrapper  \"><div class=\"align-icon\" style=\"text-align:left;\">\n<div class=\"aio-icon none \"  style=\"color:#666666;font-size:55px;\">\n\t<i class=\"Desk2-vesa_naSkoziMizo\"><\/i>\n<\/div><\/div><\/div>[vc_column_text css=&#8221;&#8221;]<\/p>\n<h4>Mo\u017enost namestitve<br \/>\nna ali \u010dez mizo<\/h4>\n<p>[\/vc_column_text][\/vc_column_inner][vc_column_inner el_class=&#8221;d-flex align-items-center&#8221; width=&#8221;1\/2&#8243;][vc_single_image image=&#8221;17257&#8243; img_size=&#8221;full&#8221; onclick=&#8221;link_image&#8221;][\/vc_column_inner][\/vc_row_inner][vc_row_inner equal_height=&#8221;yes&#8221; content_placement=&#8221;middle&#8221;][vc_column_inner offset=&#8221;vc_hidden-lg vc_hidden-md&#8221;][vc_empty_space height=&#8221;40px&#8221;][\/vc_column_inner][\/vc_row_inner][vc_row_inner equal_height=&#8221;yes&#8221; content_placement=&#8221;middle&#8221;][vc_column_inner el_class=&#8221;d-flex align-items-center&#8221; width=&#8221;1\/3&#8243; offset=&#8221;vc_hidden-lg vc_hidden-md vc_col-xs-4&#8243;]<div class=\"ult-just-icon-wrapper  \"><div class=\"align-icon\" style=\"text-align:right;\">\n<div class=\"aio-icon none \"  style=\"color:#666666;font-size:55px;display:inline-block;\">\n\t<i class=\"Desk2-laptopStojalo_screenDimensions\"><\/i>\n<\/div><\/div><\/div>[\/vc_column_inner][vc_column_inner el_class=&#8221;d-flex align-items-center&#8221; width=&#8221;2\/3&#8243; offset=&#8221;vc_hidden-lg vc_hidden-md vc_col-xs-8&#8243;][vc_column_text css=&#8221;.vc_custom_1759408596713{padding-right: 15% !important;}&#8221;]<\/p>\n<h4>Kompatibilen s 17\u2033- 32\u2033 monitorji<\/h4>\n<p>[\/vc_column_text][\/vc_column_inner][\/vc_row_inner][vc_row_inner equal_height=&#8221;yes&#8221; content_placement=&#8221;middle&#8221;][vc_column_inner offset=&#8221;vc_hidden-lg vc_hidden-md&#8221;][vc_empty_space height=&#8221;40px&#8221;][\/vc_column_inner][\/vc_row_inner][vc_row_inner equal_height=&#8221;yes&#8221; content_placement=&#8221;middle&#8221;][vc_column_inner el_class=&#8221;d-flex align-items-center&#8221; width=&#8221;1\/3&#8243; offset=&#8221;vc_hidden-lg vc_hidden-md vc_col-xs-4&#8243;]<div class=\"ult-just-icon-wrapper  \"><div class=\"align-icon\" style=\"text-align:right;\">\n<div class=\"aio-icon-img \" style=\"font-size:48px;display:inline-block;\" >\n\t<img decoding=\"async\" class=\"img-icon\" alt=\"null\" src=\"https:\/\/uvi.gg\/sl\/wp-content\/uploads\/2024\/01\/vesa-holes_24.svg\"\/>\n<\/div><\/div><\/div>[\/vc_column_inner][vc_column_inner el_class=&#8221;d-flex align-items-center&#8221; width=&#8221;2\/3&#8243; offset=&#8221;vc_hidden-lg vc_hidden-md vc_col-xs-8&#8243;][vc_column_text css=&#8221;.vc_custom_1759408608297{padding-right: 15% !important;}&#8221;]<\/p>\n<h4>VESA 75 \u00d7 75 in 100 \u00d7 100<\/h4>\n<p>[\/vc_column_text][\/vc_column_inner][\/vc_row_inner][vc_row_inner equal_height=&#8221;yes&#8221; content_placement=&#8221;middle&#8221;][vc_column_inner offset=&#8221;vc_hidden-lg vc_hidden-md&#8221;][vc_empty_space height=&#8221;40px&#8221;][\/vc_column_inner][\/vc_row_inner][vc_row_inner equal_height=&#8221;yes&#8221; content_placement=&#8221;middle&#8221;][vc_column_inner el_class=&#8221;d-flex align-items-center&#8221; width=&#8221;1\/3&#8243; offset=&#8221;vc_hidden-lg vc_hidden-md vc_col-xs-4&#8243;]<div class=\"ult-just-icon-wrapper  \"><div class=\"align-icon\" style=\"text-align:right;\">\n<div class=\"aio-icon none \"  style=\"color:#666666;font-size:55px;display:inline-block;\">\n\t<i class=\"UVIDesk2-laptopStojalo_weight\"><\/i>\n<\/div><\/div><\/div>[\/vc_column_inner][vc_column_inner el_class=&#8221;d-flex align-items-center&#8221; width=&#8221;2\/3&#8243; offset=&#8221;vc_hidden-lg vc_hidden-md vc_col-xs-8&#8243;][vc_column_text css=&#8221;.vc_custom_1759408621817{padding-right: 15% !important;}&#8221;]<\/p>\n<h4>Najve\u010dja obremenitev: do 2x 9 kg<\/h4>\n<p>[\/vc_column_text][\/vc_column_inner][\/vc_row_inner][vc_row_inner equal_height=&#8221;yes&#8221; content_placement=&#8221;middle&#8221;][vc_column_inner offset=&#8221;vc_hidden-lg vc_hidden-md&#8221;][vc_empty_space height=&#8221;40px&#8221;][\/vc_column_inner][\/vc_row_inner][vc_row_inner equal_height=&#8221;yes&#8221; content_placement=&#8221;middle&#8221;][vc_column_inner el_class=&#8221;d-flex align-items-center&#8221; width=&#8221;1\/3&#8243; offset=&#8221;vc_hidden-lg vc_hidden-md vc_col-xs-4&#8243;]<div class=\"ult-just-icon-wrapper  \"><div class=\"align-icon\" style=\"text-align:right;\">\n<div class=\"aio-icon none \"  style=\"color:#666666;font-size:55px;display:inline-block;\">\n\t<i class=\"Desk2-vesa_naSkoziMizo\"><\/i>\n<\/div><\/div><\/div>[\/vc_column_inner][vc_column_inner el_class=&#8221;d-flex align-items-center&#8221; width=&#8221;2\/3&#8243; offset=&#8221;vc_hidden-lg vc_hidden-md vc_col-xs-8&#8243;][vc_column_text css=&#8221;.vc_custom_1759408632617{padding-right: 15% !important;}&#8221;]<\/p>\n<h4>Mo\u017enost namestitve na ali \u010dez mizo<\/h4>\n<p>[\/vc_column_text][\/vc_column_inner][\/vc_row_inner][vc_empty_space height=&#8221;95px&#8221;][vc_row_inner][vc_column_inner css=&#8221;.vc_custom_1759408666576{background-color: #F8F6F8 !important;border-radius: 10px !important;}&#8221; offset=&#8221;vc_col-md-offset-3 vc_col-md-6 vc_col-xs-12&#8243;][vc_column_text css=&#8221;.vc_custom_1759408725192{margin-top: 20px !important;margin-right: 20px !important;margin-bottom: 20px !important;margin-left: 20px !important;}&#8221;]<\/p>\n<h4 style=\"text-align: center;\"><span style=\"color: #161617;\"><strong><span style=\"font-size: 18pt;\">Navodila<\/span><\/strong><\/span><br \/>\n<span style=\"font-size: 14pt;\">Potrebuje\u0161 pomo\u010d pri sestavljanju? Oglej si na\u0161 vodi\u010d za sestavo!<br \/>\n<a href=\"https:\/\/uvi.gg\/sl\/wp-content\/uploads\/2021\/10\/VESA-dvojni-nosilec-s-plinsko-vzmetjo.pdf\" target=\"_blank\" rel=\"noopener\">Prenesite navodila.<\/a><\/span><\/h4>\n<p>[\/vc_column_text][\/vc_column_inner][\/vc_row_inner][vc_empty_space height=&#8221;95px&#8221;][\/vc_column][\/vc_row][vc_row full_width=&#8221;stretch_row&#8221; equal_height=&#8221;yes&#8221; content_placement=&#8221;middle&#8221; pix_particles_check=&#8221;&#8221; css=&#8221;.vc_custom_1759408740934{background-color: #F8F6F8 !important;}&#8221;][vc_column css=&#8221;.vc_custom_1617000812477{padding-right: 5% !important;padding-left: 5% !important;}&#8221; offset=&#8221;vc_hidden-sm vc_hidden-xs&#8221;][vc_empty_space height=&#8221;55px&#8221;][vc_row_inner equal_height=&#8221;yes&#8221; content_placement=&#8221;middle&#8221; el_class=&#8221;veritcal&#8221;][vc_column_inner el_class=&#8221;d-flex align-items-center&#8221; width=&#8221;1\/4&#8243;][vc_single_image image=&#8221;9911788&#8243; img_size=&#8221;full&#8221; css=&#8221;&#8221;][\/vc_column_inner][vc_column_inner el_class=&#8221;d-flex align-items-center&#8221; width=&#8221;3\/4&#8243;][vc_column_text css=&#8221;&#8221;]<\/p>\n<h4>Vsak nakup UVI Desk dodatkov pride z 2-letno garancijo na vse funkcionalne dele izdelka. Estetske po\u0161kodbe, zlorabe in naravna obraba niso krite v garanciji. Vsak nakup na UVI.GG ima 14-dnevno vra\u010dilo \u2013 brez tveganja!<\/h4>\n<p>[\/vc_column_text][\/vc_column_inner][\/vc_row_inner][vc_empty_space height=&#8221;55px&#8221;][\/vc_column][\/vc_row][vc_row full_width=&#8221;stretch_row&#8221; equal_height=&#8221;yes&#8221; content_placement=&#8221;middle&#8221; pix_particles_check=&#8221;&#8221; css=&#8221;.vc_custom_1759408748054{background-color: #F8F6F8 !important;}&#8221;][vc_column css=&#8221;.vc_custom_1617000816446{padding-right: 5% !important;padding-left: 5% !important;}&#8221; offset=&#8221;vc_hidden-lg vc_hidden-md&#8221;][vc_empty_space height=&#8221;55px&#8221;][vc_row_inner equal_height=&#8221;yes&#8221; content_placement=&#8221;middle&#8221; el_class=&#8221;veritcal&#8221;][vc_column_inner width=&#8221;3\/5&#8243; offset=&#8221;vc_col-xs-offset-1\/5 vc_col-xs-3\/5&#8243;][vc_single_image image=&#8221;9911788&#8243; img_size=&#8221;full&#8221; alignment=&#8221;center&#8221; css=&#8221;&#8221;][\/vc_column_inner][\/vc_row_inner][vc_row_inner equal_height=&#8221;yes&#8221; content_placement=&#8221;middle&#8221; el_class=&#8221;veritcal&#8221;][vc_column_inner][vc_empty_space height=&#8221;25px&#8221;][vc_column_text css=&#8221;&#8221;]<\/p>\n<h4 style=\"text-align: center;\">Vsak nakup UVI Desk dodatkov pride z 2-letno garancijo na vse funkcionalne dele izdelka. Estetske po\u0161kodbe, zlorabe in naravna obraba niso krite v garanciji. Vsak nakup na UVI.GG ima 14-dnevno vra\u010dilo \u2013 brez tveganja!<\/h4>\n<p>[\/vc_column_text][\/vc_column_inner][\/vc_row_inner][vc_empty_space height=&#8221;55px&#8221;][\/vc_column][\/vc_row][vc_row pix_particles_check=&#8221;&#8221;][vc_column][vc_column_text][\/vc_column_text][\/vc_column][\/vc_row]<\/p>\n<\/div>","protected":false},"excerpt":{"rendered":"<p>[vc_row full_width=&#8221;stretch_row&#8221; pix_particles_check=&#8221;&#8221; css=&#8221;.vc_custom_1759408417578{background-color: #F8F6F8 !important;}&#8221;][vc_column][vc_row_inner][vc_column_inner offset=&#8221;vc_hidden-lg vc_hidden-md&#8221;][vc_empty_space height=&#8221;30px&#8221;][\/vc_column_inner][\/vc_row_inner][vc_row_inner][vc_column_inner width=&#8221;1\/3&#8243;][\/vc_column_inner][vc_column_inner width=&#8221;1\/3&#8243; offset=&#8221;vc_hidden-sm vc_hidden-xs&#8221;][\/vc_column_inner][vc_column_inner width=&#8221;1\/3&#8243; offset=&#8221;vc_hidden-sm vc_hidden-xs&#8221;][\/vc_column_inner][\/vc_row_inner][vc_empty_space height=&#8221;30px&#8221;][\/vc_column][\/vc_row][vc_row full_width=&#8221;stretch_row&#8221; pix_particles_check=&#8221;&#8221; el_id=&#8221;pix_section_info&#8221; css=&#8221;.vc_custom_1759408465019{background-color: #FFFFFF !important;}&#8221;][vc_column][vc_empty_space height=&#8221;95px&#8221;][vc_empty_space height=&#8221;35px&#8221;][vc_column_text css=&#8221;&#8221;] Dvojni VESA plinski nosilec omogo\u010da premikanje monitorjev bli\u017eje ali dlje, nagibanje, vrtenje in obra\u010danje&#8230;.<\/p>\n","protected":false},"featured_media":13841,"comment_status":"open","ping_status":"closed","template":"","meta":[],"product_brand":[],"product_cat":[25,78,80],"product_tag":[210,194],"class_list":{"0":"post-13835","1":"product","2":"type-product","3":"status-publish","4":"has-post-thumbnail","6":"product_cat-uvi-desk","7":"product_cat-dodatki-uvi-desk","8":"product_cat-vesa-nosilci","9":"product_tag-pisarniski-dodatki","10":"product_tag-vsi-izdelki","12":"first","13":"instock","14":"taxable","15":"shipping-taxable","16":"purchasable","17":"product-type-simple"},"_links":{"self":[{"href":"https:\/\/uvi.gg\/sl\/wp-json\/wp\/v2\/product\/13835","targetHints":{"allow":["GET"]}}],"collection":[{"href":"https:\/\/uvi.gg\/sl\/wp-json\/wp\/v2\/product"}],"about":[{"href":"https:\/\/uvi.gg\/sl\/wp-json\/wp\/v2\/types\/product"}],"replies":[{"embeddable":true,"href":"https:\/\/uvi.gg\/sl\/wp-json\/wp\/v2\/comments?post=13835"}],"wp:featuredmedia":[{"embeddable":true,"href":"https:\/\/uvi.gg\/sl\/wp-json\/wp\/v2\/media\/13841"}],"wp:attachment":[{"href":"https:\/\/uvi.gg\/sl\/wp-json\/wp\/v2\/media?parent=13835"}],"wp:term":[{"taxonomy":"product_brand","embeddable":true,"href":"https:\/\/uvi.gg\/sl\/wp-json\/wp\/v2\/product_brand?post=13835"},{"taxonomy":"product_cat","embeddable":true,"href":"https:\/\/uvi.gg\/sl\/wp-json\/wp\/v2\/product_cat?post=13835"},{"taxonomy":"product_tag","embeddable":true,"href":"https:\/\/uvi.gg\/sl\/wp-json\/wp\/v2\/product_tag?post=13835"}],"curies":[{"name":"wp","href":"https:\/\/api.w.org\/{rel}","templated":true}]}}