{"id":33319984346,"date":"2024-08-04T10:09:40","date_gmt":"2024-08-04T08:09:40","guid":{"rendered":"https:\/\/uvi.gg\/sl\/?page_id=33319984346"},"modified":"2024-08-05T11:04:06","modified_gmt":"2024-08-05T09:04:06","slug":"servis-stolov","status":"publish","type":"page","link":"https:\/\/uvi.gg\/sl\/servis-stolov\/","title":{"rendered":"Servis stolov &#8211; pisarni\u0161ki in gamerski"},"content":{"rendered":"<div class=\"wpb-content-wrapper\">[vc_section full_width=&#8221;stretch_row&#8221; pix_over_visibility=&#8221;&#8221; bottom_divider_select=&#8221;9&#8243; bottom_layers=&#8221;1&#8243; b_has_animation=&#8221;true&#8221; b_1_color=&#8221;#f8f9fa&#8221; top_divider_select=&#8221;9&#8243; top_layers=&#8221;1&#8243; t_1_color=&#8221;#f8f9fa&#8221; responsive_css=&#8221;{&#8220;pix_res_sm_pt&#8220;:&#8220;20&#8220;,&#8220;pix_res_sm_pb&#8220;:&#8220;20&#8220;,&#8220;pix_res_md_pt&#8220;:&#8220;40&#8220;,&#8220;pix_res_md_pb&#8220;:&#8220;40&#8220;}&#8221; css=&#8221;.vc_custom_1626777470796{padding-top: 20px !important;padding-bottom: 20px !important;background-color: rgba(0,0,0,0.03) !important;*background-color: rgb(0,0,0) !important;}&#8221; t_custom_height=&#8221;150px&#8221; b_custom_height=&#8221;150px&#8221;][vc_row pix_particles_check=&#8221;&#8221;][vc_column offset=&#8221;vc_hidden-sm vc_hidden-xs&#8221;][vc_empty_space height=&#8221;55px&#8221;][\/vc_column][\/vc_row][vc_row full_width=&#8221;stretch_row&#8221; content_placement=&#8221;middle&#8221; pix_particles_check=&#8221;&#8221; responsive_css=&#8221;{&#8220;pix_res_md_pt&#8220;:&#8220;40&#8220;,&#8220;pix_res_md_pb&#8220;:&#8220;40&#8220;}&#8221;][vc_column content_align=&#8221;text-center&#8221; css=&#8221;.vc_custom_1613527831148{padding-top: 20px !important;padding-bottom: 20px !important;}&#8221; offset=&#8221;vc_col-lg-offset-3 vc_col-lg-6 vc_col-md-offset-2 vc_col-md-8&#8243;]<div id=\"el1613521949772-0c712dee-cf78\" class=\"pix-highlighted-element text-center  vc_custom_1722757601541\"><h1 class=\"pix-highlighted-items \" style=\"\" data-anim-type=\"\" data-anim-delay=\"0\"><span id=\"el1613521949772-0c712dee-cf78-0\"  class=\"\"><span   class=\"pix-highlighted-text  pix-highlight-item font-weight-normal  font-weight-bold heading-font text-black\">Servis stolov<\/span><\/span><\/h1><\/div>[\/vc_column][\/vc_row][vc_row pix_particles_check=&#8221;&#8221;][vc_column offset=&#8221;vc_hidden-sm vc_hidden-xs&#8221;][vc_empty_space height=&#8221;55px&#8221;][\/vc_column][\/vc_row][\/vc_section][vc_section pix_over_visibility=&#8221;&#8221; pix_overlay_color=&#8221;gray-1&#8243;][vc_row pix_particles_check=&#8221;&#8221;][vc_column offset=&#8221;vc_hidden-sm vc_hidden-xs&#8221;][vc_empty_space height=&#8221;25px&#8221;][\/vc_column][\/vc_row][vc_row pix_particles_check=&#8221;&#8221;][vc_column content_align=&#8221;text-center&#8221; offset=&#8221;vc_col-lg-offset-2 vc_col-lg-8&#8243;][vc_column_text css=&#8221;&#8221;]\r\n<h4 style=\"text-align: center;\"><strong>Servis stolov vseh znamk<\/strong><\/h4>\r\nOpravljamo in nudimo storitev servisa stolov razli\u010dnih znamk. Velikokrat lahko odpravite napake kar sami, preverite na\u0161e <a href=\"https:\/\/uvi.gg\/sl\/category\/nasveti\/\" target=\"_blank\" rel=\"noopener\">blog zapise v kategoriji nasveti<\/a>, kjer lahko najdete enostavno re\u0161itev za odpravo nekaterih napak. Ko pa gre za ve\u010dji poseg oziroma zamenjavo obrabljenega\/uni\u010denega dela stola vam z veseljem pomagamo.\r\n\r\nPogoste napake na stolih:\r\n\r\n&#8211; po\u010den kole\u0161\u010dek (lahko zamenjate sami, <a href=\"https:\/\/uvi.gg\/sl\/kako-izbrati-prava-uvi-kolesa-za-vas-pisarniski-ali-gamerski-stol\/\" target=\"_blank\" rel=\"noopener\">preverite nasvete za izbiro koles<\/a>)\r\n&#8211; zamenjava zvezde\/podno\u017eja stola\r\n&#8211; zamenjava mehanizma stola\r\n&#8211; zamenjava plinske dvigalke\r\n&#8211; zamenjava naslonov za roko\r\n&#8211; redno vzdr\u017eevanje stola (<a href=\"https:\/\/uvi.gg\/sl\/kako-ohraniti-uvi-stol-v-najboljsem-stanju\/\" target=\"_blank\" rel=\"noopener\">preverite na\u0161 blog zapis<\/a>)\r\n\r\nKot vodilni strokovnjaki za stole v Sloveniji in ekolo\u0161ko usmerjeno podjetje, ki za <a href=\"https:\/\/uvi.gg\/sl\/uvi-chair-trgovina\/\" target=\"_blank\" rel=\"noopener\">na\u0161e stole nudi rezervne dele<\/a> tudi 5 let po nakupu, vam z veseljem pomagamo pri osve\u017eitvi ali popravilu va\u0161ega stola. Rezervne dele za stole najdete <a href=\"https:\/\/uvi.gg\/sl\/kategorija\/dodatki-za-stol\/\" target=\"_blank\" rel=\"noopener\">tukaj (klikni me).<\/a> Navodila za zamenjavo najdete na na\u0161em blogu &#8211; prav tako smo po nakupu vedno na voljo za pomo\u010d pri zamenjavi.\r\n\r\nPopravila in vzdr\u017eevanja nudimo tako za kon\u010dne stranke, kot tudi podjetja. Zaradi raznolikosti stolov nimamo splo\u0161nega cenika &#8211; smo pa pripravili enostaven obrazec, ki nam omogo\u010di pripravo ponudbe. Diagnostika in ponudba je povsem brezpla\u010dna.\r\n\r\nNa\u0161 naslov za servis (naro\u010dilo preko telefona, maila ali spodnjega obrazca):\r\nUVI \/ LEGIT d.o.o.,\r\nBrn\u010di\u010deva ulica 13,\r\n1231 Ljubljana \u010crnu\u010de\r\nPisarna 44, prvo nadstropje)\r\nZa pomo\u010d pokli\u010di pred dostavo : 070 388 288\r\n\r\nMo\u017eno je naro\u010diti servis na dom oziroma na naslov podjetja.\r\nV kolikor \u017eelite ponudbo na podjetje vas prosimo, da v opis pripi\u0161ite \u0161e dav\u010dno \u0161tevilko.[\/vc_column_text][\/vc_column][\/vc_row][\/vc_section][vc_row pix_particles_check=&#8221;&#8221;][vc_column offset=&#8221;vc_col-lg-offset-2 vc_col-lg-8&#8243;]\n<div class=\"wpcf7 no-js\" id=\"wpcf7-f33319984350-o1\" lang=\"en-US\" dir=\"ltr\" data-wpcf7-id=\"33319984350\">\n<div class=\"screen-reader-response\"><p role=\"status\" aria-live=\"polite\" aria-atomic=\"true\"><\/p> <ul><\/ul><\/div>\n<form action=\"\/sl\/wp-json\/wp\/v2\/pages\/33319984346#wpcf7-f33319984350-o1\" method=\"post\" class=\"wpcf7-form init\" aria-label=\"Contact form\" enctype=\"multipart\/form-data\" novalidate=\"novalidate\" data-status=\"init\">\n<fieldset class=\"hidden-fields-container\"><input type=\"hidden\" name=\"_wpcf7\" value=\"33319984350\" \/><input type=\"hidden\" name=\"_wpcf7_version\" value=\"6.1.5\" \/><input type=\"hidden\" name=\"_wpcf7_locale\" value=\"en_US\" \/><input type=\"hidden\" name=\"_wpcf7_unit_tag\" value=\"wpcf7-f33319984350-o1\" \/><input type=\"hidden\" name=\"_wpcf7_container_post\" value=\"0\" \/><input type=\"hidden\" name=\"_wpcf7_posted_data_hash\" value=\"\" \/><input type=\"hidden\" name=\"_wpcf7_recaptcha_response\" value=\"\" \/>\n<\/fieldset>\n<div class=\"pix-contact7-form\"><p>Polja z zvezdico (*) so obvezna. Poskusite napako detaljno opisati, podati \u010dimve\u010d informacij in spodaj prilo\u017eite slike (format jpg, png ali pdf) ali video (mp4). Maksimalno lahko skupaj nalo\u017eite 24 MB datotek. Telefonska \u0161tevilka je dobrodo\u0161la, da vas lahko pokli\u010demo v primeru dodatnih vpra\u0161anj. Lahko nas kontaktirate tudi neposredno na rma@uvi.gg.\n<\/p>\n<div class=\"row\">\n\t<div class=\"col-lg-6\">\n\t\t<p><label class=\"w-100\"><span class=\"wpcf7-form-control-wrap\" data-name=\"your-name\"><input size=\"40\" maxlength=\"400\" class=\"wpcf7-form-control wpcf7-text pix-my-5 shadow-0 bg-gray-2 form-control\" aria-invalid=\"false\" placeholder=\"Znamka stola\" value=\"\" type=\"text\" name=\"your-name\" \/><\/span><\/label>\n\t\t<\/p>\n\t<\/div>\n\t<div class=\"col-lg-6\">\n\t\t<p><label class=\"w-100\"><span class=\"wpcf7-form-control-wrap\" data-name=\"your-email\"><input size=\"40\" maxlength=\"400\" class=\"wpcf7-form-control wpcf7-email wpcf7-validates-as-required wpcf7-text wpcf7-validates-as-email pix-my-5 shadow-0 bg-gray-2 form-control\" aria-required=\"true\" aria-invalid=\"false\" placeholder=\"Email*\" value=\"\" type=\"email\" name=\"your-email\" \/><\/span><\/label>\n\t\t<\/p>\n\t<\/div>\n\t<div class=\"col-lg-6\">\n\t\t<p><label class=\"w-100\"><span class=\"wpcf7-form-control-wrap\" data-name=\"naziv\"><input size=\"40\" maxlength=\"400\" class=\"wpcf7-form-control wpcf7-text pix-my-5 shadow-0 bg-gray-2 instagram\" aria-invalid=\"false\" placeholder=\"Naziv izdelka\" value=\"\" type=\"text\" name=\"naziv\" \/><\/span><\/label>\n\t\t<\/p>\n\t<\/div>\n\t<div class=\"col-lg-6\">\n\t\t<p><label class=\"w-100\"><span class=\"wpcf7-form-control-wrap\" data-name=\"telefon\"><input size=\"40\" maxlength=\"400\" class=\"wpcf7-form-control wpcf7-text pix-my-5 shadow-0 bg-gray-2 youtube\" aria-invalid=\"false\" placeholder=\"Telefonska \u0161tevilka\" value=\"\" type=\"text\" name=\"telefon\" \/><\/span><\/label>\n\t\t<\/p>\n\t<\/div>\n\t<div class=\"col-12\">\n\t\t<p><label class=\"w-100\"><span class=\"wpcf7-form-control-wrap\" data-name=\"your-message\"><textarea cols=\"40\" rows=\"4\" maxlength=\"2000\" class=\"wpcf7-form-control wpcf7-textarea wpcf7-validates-as-required pix-my-5 shadow-0 bg-gray-2 form-control\" aria-required=\"true\" aria-invalid=\"false\" placeholder=\"Opis napake*\" name=\"your-message\"><\/textarea><\/span><\/label>\n\t\t<\/p>\n\t<\/div>\n<\/div>\n<p><label class=\"w-100\">Nalo\u017eite vsaj eno sliko, kjer je vidna napaka<\/label><br \/>\n<span class=\"wpcf7-form-control-wrap\" data-name=\"file-299\"><input size=\"40\" class=\"wpcf7-form-control wpcf7-file\" accept=\".jpeg,.jpg,.png,.pdf,.gif\" aria-invalid=\"false\" type=\"file\" name=\"file-299\" \/><\/span><span class=\"wpcf7-form-control-wrap\" data-name=\"file-300\"><input size=\"40\" class=\"wpcf7-form-control wpcf7-file\" accept=\".jpeg,.jpg,.png,.pdf,.gif\" aria-invalid=\"false\" type=\"file\" name=\"file-300\" \/><\/span>\n<\/p>\n<p>&nbsp;\n<\/p>\n<p><label class=\"w-100\">Kratki video napake (format mp4, max 15 MB) ali dodatno sliko<\/label><br \/>\n<span class=\"wpcf7-form-control-wrap\" data-name=\"file-302\"><input size=\"40\" class=\"wpcf7-form-control wpcf7-file\" accept=\".jpeg,.jpg,.png,.pdf,.gif,.mp4,.mp3\" aria-invalid=\"false\" type=\"file\" name=\"file-302\" \/><\/span>\n<\/p>\n<p>&nbsp;\n<\/p>\n<p>Po kliku na gumb Po\u0161lji zahtevek lahko traja nekaj sekund, da se slike nalo\u017eijo. Prosim ne zapirajte okna brskalnika dokler ne dobite potrditvenega sporo\u010dila. Hvala!\n<\/p>\n<p>&nbsp;\n<\/p>\n<p><input class=\"wpcf7-form-control wpcf7-submit has-spinner btn btn-primary text-white w-100 pix-mt-10 font-weight-bold btn-lg shadow-hover\" type=\"submit\" value=\"Po\u0161lji zahtevek za ponudbo\" \/>\n<\/p><\/div><div class=\"wpcf7-response-output\" aria-hidden=\"true\"><\/div>\n<\/form>\n<\/div>\n[vc_empty_space height=&#8221;95px&#8221;][\/vc_column][\/vc_row]<\/div>","protected":false},"excerpt":{"rendered":"[vc_section full_width=&#8221;stretch_row&#8221; pix_over_visibility=&#8221;&#8221; bottom_divider_select=&#8221;9&#8243; bottom_layers=&#8221;1&#8243; b_has_animation=&#8221;true&#8221; b_1_color=&#8221;#f8f9fa&#8221; top_divider_select=&#8221;9&#8243; top_layers=&#8221;1&#8243; t_1_color=&#8221;#f8f9fa&#8221; responsive_css=&#8221;{&#8220;pix_res_sm_pt&#8220;:&#8220;20&#8220;,&#8220;pix_res_sm_pb&#8220;:&#8220;20&#8220;,&#8220;pix_res_md_pt&#8220;:&#8220;40&#8220;,&#8220;pix_res_md_pb&#8220;:&#8220;40&#8220;}&#8221; css=&#8221;.vc_custom_1626777470796{padding-top: 20px !important;padding-bottom: 20px !important;background-color: rgba(0,0,0,0.03) !important;*background-color: rgb(0,0,0) !important;}&#8221; t_custom_height=&#8221;150px&#8221; b_custom_height=&#8221;150px&#8221;][vc_row pix_particles_check=&#8221;&#8221;][vc_column offset=&#8221;vc_hidden-sm vc_hidden-xs&#8221;][vc_empty_space height=&#8221;55px&#8221;][\/vc_column][\/vc_row][vc_row full_width=&#8221;stretch_row&#8221; content_placement=&#8221;middle&#8221; pix_particles_check=&#8221;&#8221; responsive_css=&#8221;{&#8220;pix_res_md_pt&#8220;:&#8220;40&#8220;,&#8220;pix_res_md_pb&#8220;:&#8220;40&#8220;}&#8221;][vc_column content_align=&#8221;text-center&#8221; css=&#8221;.vc_custom_1613527831148{padding-top: 20px !important;padding-bottom: 20px !important;}&#8221; offset=&#8221;vc_col-lg-offset-3 vc_col-lg-6 vc_col-md-offset-2 vc_col-md-8&#8243;][\/vc_column][\/vc_row][vc_row&#8230;","protected":false},"author":1,"featured_media":15443,"parent":0,"menu_order":0,"comment_status":"closed","ping_status":"closed","template":"","meta":{"footnotes":""},"class_list":["post-33319984346","page","type-page","status-publish","has-post-thumbnail","hentry"],"_links":{"self":[{"href":"https:\/\/uvi.gg\/sl\/wp-json\/wp\/v2\/pages\/33319984346","targetHints":{"allow":["GET"]}}],"collection":[{"href":"https:\/\/uvi.gg\/sl\/wp-json\/wp\/v2\/pages"}],"about":[{"href":"https:\/\/uvi.gg\/sl\/wp-json\/wp\/v2\/types\/page"}],"author":[{"embeddable":true,"href":"https:\/\/uvi.gg\/sl\/wp-json\/wp\/v2\/users\/1"}],"replies":[{"embeddable":true,"href":"https:\/\/uvi.gg\/sl\/wp-json\/wp\/v2\/comments?post=33319984346"}],"version-history":[{"count":9,"href":"https:\/\/uvi.gg\/sl\/wp-json\/wp\/v2\/pages\/33319984346\/revisions"}],"predecessor-version":[{"id":33319984533,"href":"https:\/\/uvi.gg\/sl\/wp-json\/wp\/v2\/pages\/33319984346\/revisions\/33319984533"}],"wp:featuredmedia":[{"embeddable":true,"href":"https:\/\/uvi.gg\/sl\/wp-json\/wp\/v2\/media\/15443"}],"wp:attachment":[{"href":"https:\/\/uvi.gg\/sl\/wp-json\/wp\/v2\/media?parent=33319984346"}],"curies":[{"name":"wp","href":"https:\/\/api.w.org\/{rel}","templated":true}]}}