{"id":19914882,"date":"2022-07-08T10:35:44","date_gmt":"2022-07-08T08:35:44","guid":{"rendered":"https:\/\/uvi.gg\/sl\/?page_id=19914882"},"modified":"2022-07-08T12:47:47","modified_gmt":"2022-07-08T10:47:47","slug":"popravek-za-wrath-7-1-windows-bug","status":"publish","type":"page","link":"https:\/\/uvi.gg\/sl\/popravek-za-wrath-7-1-windows-bug\/","title":{"rendered":"Popravek hro\u0161\u010da za slu\u0161alke UVI Wrath 7.1"},"content":{"rendered":"<div class=\"wpb-content-wrapper\">[vc_row pix_particles_check=&#8221;&#8221;][vc_column width=&#8221;1\/6&#8243; content_align=&#8221;text-center&#8221;][\/vc_column][vc_column width=&#8221;2\/3&#8243; css=&#8221;.vc_custom_1646924063105{border-top-width: 2px !important;border-right-width: 2px !important;border-bottom-width: 2px !important;border-left-width: 2px !important;border-left-color: #dee0e0 !important;border-left-style: dashed !important;border-right-color: #dee0e0 !important;border-right-style: dashed !important;border-top-color: #dee0e0 !important;border-top-style: dashed !important;border-bottom-color: #dee0e0 !important;border-bottom-style: dashed !important;border-radius: 2px !important;}&#8221; el_id=&#8221;1337general&#8221;]<div class=\"pix-element-div w-100 text-center\"><span class=\"pix-badge-element h6 d-inline-flex mr-1 \"  ><span class=\"badge font-weight-bold secondary-font  bg-primary-light  vc_custom_1657272078119  \" style=\" \"><span class=\"text-primary\" style=\"\">Te\u017eava pri komunikaciji naprave<\/span><\/span><\/span><\/div><div  class=\"pix-heading-el text-center  vc_custom_1657272100338\"><h2 class=\"text-body-default font-weight-bold h2 heading-text el-title_custom_color mb-12\" style=\"\" data-anim-type=\"\" data-anim-delay=\"0\">Slu\u0161alke UVI Wrath 7.1 niso zaznane<\/h2><\/div><div class=\"accordion w-100 accordion-card  vc_custom_1646922359865\" id=\"accordion-general1337\"><div class=\"card \">\n   <div class=\"card-header bg-white pix-mb-10 shadow-sm rounded-lg\" id=\"heading1646915605720-16f9af70-81cb\">\n       <button class=\"btn btn-link text-left rounded-lg bg-white\" type=\"button\" data-toggle=\"collapse\" data-target=\"#collapse1646915605720-16f9af70-81cb\" aria-expanded=\"true\" aria-controls=\"collapse1646915605720-16f9af70-81cb\" ><span class=\"d-inline-block text-primary svg-20 pix-mr-10\" ><svg class=\"pixfort-icon \" width=\"24\" height=\"24\"  data-name=\"Line\/pixfort-icon-download-1\" viewBox=\"2 2 20 20\"><path fill=\"none\" stroke=\"var(--pf-icon-color)\" stroke-linecap=\"round\" stroke-linejoin=\"round\" stroke-width=\"var(--pf-icon-stroke-width)\" d=\"M12,3 L12,16 M6,11 L12,17 L18,11 M3,21 L21,21\"\/><\/svg><\/span><span class=\"font-weight-bold text-heading-default\" >Vodi\u010d za odpravo te\u017eav pri komunikaciji naprave<\/span><\/button>\n   <\/div>\n   <div id=\"collapse1646915605720-16f9af70-81cb\" class=\"collapse show \" aria-labelledby=\"heading1646915605720-16f9af70-81cb\">\n     <div class=\"card-body\">\n         [vc_column_text]Nekatere slike v tem vodi\u010du se morda razlikujejo od tistih, ki jih boste videli na svojem ra\u010dunalniku. To je odvisno od verzije sistema Windows, ki ga trenutno uporabljate.\r\n\r\nPri novej\u0161ih verzijah operacijskega sistema Windows lahko naletite na te\u017eave pri povezovanju naprave. Ta namre\u010d ne more komunicirati z va\u0161im ra\u010dunalnikom, saj so se pojavile te\u017eave z gonilniki (Code 52).\r\n\r\n<strong>Za odpravo problema sledite spodnjim korakom.<\/strong>\r\n\r\nNajprej odstranite gonilnik naprave. Odprite <strong>Nadzorno plo\u0161\u010do <\/strong>(Control Panel)<strong> -&gt; Naprave in tiskalniki <\/strong>(Devices and Printers)<strong>, kjer boste na\u0161li napravo GAMING HEADSETS. Na GAMING HEADSETS desno kliknite in izberite mo\u017enost Odstrani napravo <\/strong>(Remove device) &#8211; ikona morda ne bo takoj izginila, a vseeno lahko nadaljujete na naslednji korak.\r\n\r\n<img decoding=\"async\" class=\"alignnone wp-image-9912917 size-full\" src=\"https:\/\/uvi.gg\/wp-content\/uploads\/2022\/05\/wrath1fix.jpg\" alt=\"\" width=\"1164\" height=\"665\">\r\n\r\n<strong>Slu\u0161alke zdaj odklopite in zopet vklopite v ra\u010dunalnik<\/strong>. Slu\u0161alke bodo zdaj zaznane in bodo zopet normalno delovale.\r\n\r\n<em>Enako lahko dose\u017eete \u010de odprete Upravitelja naprav (Device Manager) in pod kategorijo Krmilniki za zvok, video in igre (Sound, video, and game controllers) desno kliknete na GAMING HEADSETS in izberete mo\u017enost Odstrani napravo (Remove device).<\/em>[\/vc_column_text]\n     <\/div>\n   <\/div>\n <\/div><\/div><div id=\"el1646919322994-20f28129-e4f6\" class=\"w-100 d-block \"><\/div>[\/vc_column][vc_column width=&#8221;1\/6&#8243;][\/vc_column][\/vc_row][vc_row pix_particles_check=&#8221;&#8221; css=&#8221;.vc_custom_1646923693320{margin-top: 30px !important;}&#8221;][vc_column width=&#8221;1\/6&#8243; content_align=&#8221;text-center&#8221;][\/vc_column][vc_column width=&#8221;2\/3&#8243; css=&#8221;.vc_custom_1646919386387{border-top-width: 2px !important;border-right-width: 2px !important;border-bottom-width: 2px !important;border-left-width: 2px !important;border-left-color: #dee0e0 !important;border-left-style: dashed !important;border-right-color: #dee0e0 !important;border-right-style: dashed !important;border-top-color: #dee0e0 !important;border-top-style: dashed !important;border-bottom-color: #dee0e0 !important;border-bottom-style: dashed !important;border-radius: 2px !important;}&#8221;]<div class=\"pix-element-div w-100 text-center\"><span class=\"pix-badge-element h6 d-inline-flex mr-1 \"  ><span class=\"badge font-weight-bold secondary-font  bg-primary-light  vc_custom_1657275737055  \" style=\" \"><span class=\"text-primary\" style=\"\">Za bolj napredne uporabnike<\/span><\/span><\/span><\/div><div  class=\"pix-heading-el text-center  vc_custom_1657275758001\"><h2 class=\"text-body-default font-weight-bold h2 heading-text el-title_custom_color mb-12\" style=\"\" data-anim-type=\"\" data-anim-delay=\"0\">Nekatere funkcije ne delujejo v aplikaciji UVI<\/h2><\/div><div class=\"accordion w-100 accordion-card  vc_custom_1646919281219\" id=\"accordion-1646922299678-1662b841-9db4\"><div class=\"card \">\n   <div class=\"card-header bg-white pix-mb-10 shadow-sm rounded-lg\" id=\"heading1646922299716-421d8abf-ed02\">\n       <button class=\"btn btn-link text-left rounded-lg bg-white\" type=\"button\" data-toggle=\"collapse\" data-target=\"#collapse1646922299716-421d8abf-ed02\" aria-expanded=\"true\" aria-controls=\"collapse1646922299716-421d8abf-ed02\" ><span class=\"d-inline-block text-primary svg-20 pix-mr-10\" ><svg class=\"pixfort-icon \" width=\"24\" height=\"24\"  data-name=\"Line\/pixfort-icon-image-settings-gear-1\" viewBox=\"2 2 20 20\"><path fill=\"none\" stroke=\"var(--pf-icon-color)\" stroke-linecap=\"round\" stroke-linejoin=\"round\" stroke-width=\"var(--pf-icon-stroke-width)\" d=\"M11,20 L5,20 C3.8954305,20 3,19.1045695 3,18 L3,6 C3,4.8954305 3.8954305,4 5,4 L19,4 C20.1045695,4 21,4.8954305 21,6 L21,11.5 M3,17 L6.58578644,13.4142136 C7.36683502,12.633165 8.63316498,12.633165 9.41421356,13.4142136 L11,15 M10.5195121,14.5 L14.5857909,10.4192441 C15.3654503,9.63680883 16.6317783,9.63455859 17.4142136,10.414218 C17.4150527,10.4150542 17.4158912,10.4158912 17.4167288,10.4167288 L17.6668425,10.6668425 L17.6668425,10.6668425 M8,9 C8.55228475,9 9,8.55228475 9,8 C9,7.44771525 8.55228475,7 8,7 C7.44771525,7 7,7.44771525 7,8 C7,8.55228475 7.44771525,9 8,9 Z M17.4971093,20.2318419 C19.1096538,20.2318419 20.4168794,18.9245133 20.4168794,17.3118419 C20.4168794,15.6991704 19.1096538,14.3918419 17.4971093,14.3918419 C15.8845649,14.3918419 14.5773393,15.6991704 14.5773393,17.3118419 C14.5773393,18.9245133 15.8845649,20.2318419 17.4971093,20.2318419 Z M16.6628893,14.4938354 L16.6628893,13.9889277 C16.6628893,13.7741289 16.8496358,13.6 17.0799993,13.6 L17.9142193,13.6 C18.1445828,13.6 18.3313293,13.7741289 18.3313293,13.9889277 L18.3313293,14.4938354 M16.6628893,20.1433957 L16.6628893,20.6483034 C16.6628893,20.8631023 16.8496358,21.0372311 17.0799993,21.0372311 L17.9142193,21.0372311 C18.1445828,21.0372311 18.3313293,20.8631023 18.3313293,20.6483034 L18.3313293,20.1433957 M19.519585,15.2001483 L20.0614328,14.921521 C20.2609335,14.8141216 20.516034,14.8778572 20.6312157,15.0638784 L21.0483257,15.7375209 C21.1635075,15.9235422 21.0951535,16.1614066 20.8956529,16.268806 L20.3431543,16.5527587 M15.5216181,15.1792645 L15.0428447,14.921521 C14.843344,14.8141216 14.5882435,14.8778572 14.4730618,15.0638784 L14.0559518,15.7375209 C13.94077,15.9235422 14.009124,16.1614066 14.2086246,16.268806 L14.6873981,16.5265495 M19.519585,19.4421628 L19.9877078,19.6848812 C20.1872084,19.7922806 20.4423089,19.728545 20.5574907,19.5425238 L20.9746007,18.8688813 C21.0897824,18.68286 21.0214284,18.4449956 20.8219278,18.3375962 L20.3431543,18.0798527 M15.4825841,19.4421628 L14.9906974,19.6848812 C14.7911968,19.7922806 14.5360963,19.728545 14.4209146,19.5425238 L14.0038045,18.8688813 C13.8886228,18.68286 13.9569768,18.4449956 14.1564774,18.3375962 L14.6352509,18.0798527\"\/><\/svg><\/span><span class=\"font-weight-bold text-heading-default\" >Vodi\u010d za napredne uporabnike<\/span><\/button>\n   <\/div>\n   <div id=\"collapse1646922299716-421d8abf-ed02\" class=\"collapse show \" aria-labelledby=\"heading1646922299716-421d8abf-ed02\">\n     <div class=\"card-body\">\n         [vc_column_text]<strong>Ta vodi\u010d je za napredne uporabnike!<\/strong>\r\n\r\nPri zadnji posodobitvi za Windows 10\/11 nekatere stranske funkcije (navidezni obkro\u017eujo\u010di zvok po meri, efekti) morda ne bodo delovale v aplikaciji UVI One.\r\n\r\nZa odpravljanje te napake moramo omogo\u010diti funkcijo sistema Windows &#8220;Onemogo\u010di uveljavljanje podpisa gonilnika&#8221;.\r\n\r\nSpodaj lahko najdete vodi\u010d.\r\n\r\n1. Na va\u0161i tipkovnici pritisnite<strong> Windows tipko <\/strong>za Start meni.\r\n2. Na tipkovnici <strong>pritisnite in dr\u017eite<\/strong>\u00a0<strong>Shift<\/strong> tipko. Nato v Start meniju kliknite <strong>gumb za napajanje <\/strong>in<strong> nato kliknite Ponovni zagon<\/strong>. Va\u0161 Windows sistem bi se moral ponovno zagnati v zagonski menu .\r\n3. Kliknite mo\u017enost <strong>Odpravljanje te\u017eav <\/strong>(Troubleshoot).\r\n<img decoding=\"async\" class=\"alignnone wp-image-9912924 size-full\" src=\"https:\/\/uvi.gg\/wp-content\/uploads\/2022\/05\/troubleshotz1.jpg\" alt=\"\" width=\"566\" height=\"354\">\r\n\r\n4. Kliknite <strong>Napredne mo\u017enosti<\/strong> (Advanced Options) (ta korak lahko na nekaterih Windows sistemih presko\u010dimo).\r\n5. Kliknite <strong>Nastavitve zagona<\/strong> (Startup Settings), in nato <strong>Ponovni zagon<\/strong> (Restart).<strong>\r\n<\/strong>6.<strong> Ko enkrat vidite meni Nastavitve zagona pritisnite tipko F7<\/strong>.\r\n\r\n<strong>Po pritisku tipke F7 se bo ra\u010dunalnik ponovno zagnal v navadno Windows delovanje in problem bi moral biti odpravljen. <\/strong>\u010ce slu\u0161alke niso zaznane, sledite zgornjim navodilom (slu\u0161alke UVI Wrath 7.1 niso zaznane).<strong>\u00a0<\/strong>\r\n\r\nImate \u0161e vedno te\u017eave? Kontaktirajte nas na info@uvi.gg.[\/vc_column_text]\n     <\/div>\n   <\/div>\n <\/div><\/div><div id=\"el1646922299967-49a50f83-1da5\" class=\"w-100 d-block \"><\/div>[\/vc_column][vc_column width=&#8221;1\/6&#8243;][\/vc_column][\/vc_row][vc_row pix_particles_check=&#8221;&#8221;][vc_column]<div id=\"el1646918927614-ad3882fe-6b6d\" class=\"w-100 d-block \"><\/div>[\/vc_column][\/vc_row]<\/div>","protected":false},"excerpt":{"rendered":"[vc_row pix_particles_check=&#8221;&#8221;][vc_column width=&#8221;1\/6&#8243; content_align=&#8221;text-center&#8221;][\/vc_column][vc_column width=&#8221;2\/3&#8243; css=&#8221;.vc_custom_1646924063105{border-top-width: 2px !important;border-right-width: 2px !important;border-bottom-width: 2px !important;border-left-width: 2px !important;border-left-color: #dee0e0 !important;border-left-style: dashed !important;border-right-color: #dee0e0 !important;border-right-style: dashed !important;border-top-color: #dee0e0 !important;border-top-style: dashed !important;border-bottom-color: #dee0e0 !important;border-bottom-style: dashed !important;border-radius: 2px !important;}&#8221; el_id=&#8221;1337general&#8221;][\/vc_column][vc_column width=&#8221;1\/6&#8243;][\/vc_column][\/vc_row][vc_row pix_particles_check=&#8221;&#8221; css=&#8221;.vc_custom_1646923693320{margin-top: 30px !important;}&#8221;][vc_column width=&#8221;1\/6&#8243; content_align=&#8221;text-center&#8221;][\/vc_column][vc_column&#8230;","protected":false},"author":2826,"featured_media":0,"parent":0,"menu_order":0,"comment_status":"closed","ping_status":"closed","template":"","meta":{"footnotes":""},"class_list":["post-19914882","page","type-page","status-publish","hentry"],"_links":{"self":[{"href":"https:\/\/uvi.gg\/sl\/wp-json\/wp\/v2\/pages\/19914882","targetHints":{"allow":["GET"]}}],"collection":[{"href":"https:\/\/uvi.gg\/sl\/wp-json\/wp\/v2\/pages"}],"about":[{"href":"https:\/\/uvi.gg\/sl\/wp-json\/wp\/v2\/types\/page"}],"author":[{"embeddable":true,"href":"https:\/\/uvi.gg\/sl\/wp-json\/wp\/v2\/users\/2826"}],"replies":[{"embeddable":true,"href":"https:\/\/uvi.gg\/sl\/wp-json\/wp\/v2\/comments?post=19914882"}],"version-history":[{"count":4,"href":"https:\/\/uvi.gg\/sl\/wp-json\/wp\/v2\/pages\/19914882\/revisions"}],"predecessor-version":[{"id":19914887,"href":"https:\/\/uvi.gg\/sl\/wp-json\/wp\/v2\/pages\/19914882\/revisions\/19914887"}],"wp:attachment":[{"href":"https:\/\/uvi.gg\/sl\/wp-json\/wp\/v2\/media?parent=19914882"}],"curies":[{"name":"wp","href":"https:\/\/api.w.org\/{rel}","templated":true}]}}