{"id":15781,"date":"2021-05-21T10:32:19","date_gmt":"2021-05-21T10:32:19","guid":{"rendered":"https:\/\/uvi.gg\/?page_id=15781"},"modified":"2024-08-07T13:25:08","modified_gmt":"2024-08-07T11:25:08","slug":"rma","status":"publish","type":"page","link":"https:\/\/uvi.gg\/sl\/rma\/","title":{"rendered":"Servis"},"content":{"rendered":"<div class=\"wpb-content-wrapper\">[vc_section full_width=&#8221;stretch_row&#8221; pix_over_visibility=&#8221;&#8221; bottom_divider_select=&#8221;9&#8243; bottom_layers=&#8221;1&#8243; b_has_animation=&#8221;true&#8221; b_1_color=&#8221;#f8f9fa&#8221; top_divider_select=&#8221;9&#8243; top_layers=&#8221;1&#8243; t_1_color=&#8221;#f8f9fa&#8221; responsive_css=&#8221;{&#8220;pix_res_sm_pt&#8220;:&#8220;20&#8220;,&#8220;pix_res_sm_pb&#8220;:&#8220;20&#8220;,&#8220;pix_res_md_pt&#8220;:&#8220;40&#8220;,&#8220;pix_res_md_pb&#8220;:&#8220;40&#8220;}&#8221; css=&#8221;.vc_custom_1626777470796{padding-top: 20px !important;padding-bottom: 20px !important;background-color: rgba(0,0,0,0.03) !important;*background-color: rgb(0,0,0) !important;}&#8221; t_custom_height=&#8221;150px&#8221; b_custom_height=&#8221;150px&#8221;][vc_row pix_particles_check=&#8221;&#8221;][vc_column offset=&#8221;vc_hidden-sm vc_hidden-xs&#8221;][vc_empty_space height=&#8221;55px&#8221;][\/vc_column][\/vc_row][vc_row full_width=&#8221;stretch_row&#8221; content_placement=&#8221;middle&#8221; pix_particles_check=&#8221;&#8221; responsive_css=&#8221;{&#8220;pix_res_md_pt&#8220;:&#8220;40&#8220;,&#8220;pix_res_md_pb&#8220;:&#8220;40&#8220;}&#8221;][vc_column content_align=&#8221;text-center&#8221; css=&#8221;.vc_custom_1613527831148{padding-top: 20px !important;padding-bottom: 20px !important;}&#8221; offset=&#8221;vc_col-lg-offset-3 vc_col-lg-6 vc_col-md-offset-2 vc_col-md-8&#8243;]<div id=\"el1613521949772-0c712dee-cf78\" class=\"pix-highlighted-element text-center  vc_custom_1631188620754\"><h1 class=\"pix-highlighted-items \" style=\"\" data-anim-type=\"\" data-anim-delay=\"0\"><span id=\"el1613521949772-0c712dee-cf78-0\"  class=\"\"><span   class=\"pix-highlighted-text  pix-highlight-item font-weight-normal  font-weight-bold heading-font text-black\">Servisni <\/span><\/span><span id=\"el1613521949772-0c712dee-cf78-1\"  class=\"\"><span   class=\"pix-highlighted-text  pix-highlight-item font-weight-normal  heading-font text-black\"> obrazec<\/span><\/span><\/h1><\/div><div class=\"pix-el-text w-100   vc_custom_1676895553125\" ><p class=\"text-20  text-dark-opacity-5  \" >Vra\u010dilo ali servis UVI izdelka<\/p><\/div>[\/vc_column][\/vc_row][vc_row pix_particles_check=&#8221;&#8221;][vc_column offset=&#8221;vc_hidden-sm vc_hidden-xs&#8221;][vc_empty_space height=&#8221;55px&#8221;][\/vc_column][\/vc_row][\/vc_section][vc_section pix_over_visibility=&#8221;&#8221; pix_overlay_color=&#8221;gray-1&#8243;][vc_row pix_particles_check=&#8221;&#8221;][vc_column offset=&#8221;vc_hidden-sm vc_hidden-xs&#8221;][vc_empty_space height=&#8221;25px&#8221;][\/vc_column][\/vc_row][vc_row pix_particles_check=&#8221;&#8221;][vc_column content_align=&#8221;text-center&#8221; offset=&#8221;vc_col-lg-offset-2 vc_col-lg-8&#8243;][vc_column_text css=&#8221;&#8221;]\r\n<p style=\"text-align: center;\"><span style=\"font-size: 16pt;\"><strong>Vra\u010dilo izdelka<\/strong>\r\n\u010ce izdelek ni pokvarjen in je odprt (npr. \u010de ste si premislil ali ste zaradi katerega drugega razloga nezadovoljni z izdelkom) lahko izdelek vrnete v 14ih dneh (odstop od pogodbe). Stro\u0161ke vra\u010dila v primeru odstopa od pogodbe krijete vi (po\u0161iljatelj). Va\u0161a odgovornost je, da paket varno prispe k nam, zato priporo\u010damo, da uporabite kurirsko slu\u017ebo, kjer je mogo\u010de slediti po\u0161iljki. Izdelek s <a href=\"https:\/\/uvi.gg\/sl\/wp-content\/uploads\/2021\/10\/UVI-odstop-od-pogodbe.pdf\" target=\"_blank\" rel=\"noopener\">odstopno izjavo (tukaj prenesete izjavo)<\/a> po\u0161ljete na naslov: UVI &#8211; LEGIT d.o.o., Brn\u010di\u010deva ulica 13, 1231 Ljubljana \u010crnu\u010de Paketov z odkupnino ne sprejemamo.<\/span><\/p>\r\n<p style=\"text-align: center;\"><span style=\"font-size: 16pt;\"><strong>Servis (RMA), popravilo ali zamenjava<\/strong>\r\n\u010ce je izdelek ob prejemu napa\u010den, po\u0161kodovan oziroma bi ga radi zamenjali (mo\u017eno samo v primeru nakupa preko spletne trgovine UVI.gg), se obrni na nas preko spodnjega obrazca oziroma direktno na rma@uvi.gg. Pridr\u017eujemo si pravico do delnega vra\u010dila v primerih, ko je izdelek v \u017ee uporabljenem stanju, je po\u0161kodovan ali manjkajo deli.<\/span><\/p>\r\n<p style=\"text-align: center;\"><span style=\"font-size: 16pt;\"><strong>Popravila izven garancije in stolov drugih znamk<\/strong>\r\nPopravljamo, vzdr\u017eujemo in servisiramo tudi stole drugih znamk in UVI stole izven garancije. Prosim <a href=\"https:\/\/uvi.gg\/sl\/servis-stolov\/\">kliknite tukaj za ve\u010d informacij<\/a>.\r\n<!--more--><\/span><\/p>\r\n[\/vc_column_text][\/vc_column][\/vc_row][\/vc_section][vc_row pix_particles_check=&#8221;&#8221;][vc_column offset=&#8221;vc_col-lg-offset-2 vc_col-lg-8&#8243;]\n<div class=\"wpcf7 no-js\" id=\"wpcf7-f19916716-o1\" lang=\"en-US\" dir=\"ltr\" data-wpcf7-id=\"19916716\">\n<div class=\"screen-reader-response\"><p role=\"status\" aria-live=\"polite\" aria-atomic=\"true\"><\/p> <ul><\/ul><\/div>\n<form action=\"\/sl\/wp-json\/wp\/v2\/pages\/15781#wpcf7-f19916716-o1\" method=\"post\" class=\"wpcf7-form init\" aria-label=\"Contact form\" enctype=\"multipart\/form-data\" novalidate=\"novalidate\" data-status=\"init\">\n<fieldset class=\"hidden-fields-container\"><input type=\"hidden\" name=\"_wpcf7\" value=\"19916716\" \/><input type=\"hidden\" name=\"_wpcf7_version\" value=\"6.1.5\" \/><input type=\"hidden\" name=\"_wpcf7_locale\" value=\"en_US\" \/><input type=\"hidden\" name=\"_wpcf7_unit_tag\" value=\"wpcf7-f19916716-o1\" \/><input type=\"hidden\" name=\"_wpcf7_container_post\" value=\"0\" \/><input type=\"hidden\" name=\"_wpcf7_posted_data_hash\" value=\"\" \/><input type=\"hidden\" name=\"_wpcf7_recaptcha_response\" value=\"\" \/>\n<\/fieldset>\n<div class=\"pix-contact7-form\"><p>Polja z zvezdico (*) so obvezna. Poskusite napako detaljno opisati, podati \u010dimve\u010d informacij in spodaj prilo\u017eite slike (format jpg, png ali pdf) ali video (mp4). Maksimalno lahko skupaj nalo\u017eite 24 MB datotek. Telefonska \u0161tevilka je dobrodo\u0161la, da vas lahko pokli\u010demo v primeru dodatnih vpra\u0161anj. Lahko nas kontaktirate tudi neposredno na rma@uvi.gg.\n<\/p>\n<div class=\"row\">\n\t<div class=\"col-lg-6\">\n\t\t<p><label class=\"w-100\"><span class=\"wpcf7-form-control-wrap\" data-name=\"your-name\"><input size=\"40\" maxlength=\"400\" class=\"wpcf7-form-control wpcf7-text wpcf7-validates-as-required pix-my-5 shadow-0 bg-gray-2 form-control\" aria-required=\"true\" aria-invalid=\"false\" placeholder=\"Va\u0161 ime in priimek*\" value=\"\" type=\"text\" name=\"your-name\" \/><\/span><\/label>\n\t\t<\/p>\n\t<\/div>\n\t<div class=\"col-lg-6\">\n\t\t<p><label class=\"w-100\"><span class=\"wpcf7-form-control-wrap\" data-name=\"your-email\"><input size=\"40\" maxlength=\"400\" class=\"wpcf7-form-control wpcf7-email wpcf7-validates-as-required wpcf7-text wpcf7-validates-as-email pix-my-5 shadow-0 bg-gray-2 form-control\" aria-required=\"true\" aria-invalid=\"false\" placeholder=\"Email*\" value=\"\" type=\"email\" name=\"your-email\" \/><\/span><\/label>\n\t\t<\/p>\n\t<\/div>\n\t<div class=\"col-lg-6\">\n\t\t<p><label class=\"w-100\"><span class=\"wpcf7-form-control-wrap\" data-name=\"naziv\"><input size=\"40\" maxlength=\"400\" class=\"wpcf7-form-control wpcf7-text wpcf7-validates-as-required pix-my-5 shadow-0 bg-gray-2 instagram\" aria-required=\"true\" aria-invalid=\"false\" placeholder=\"Naziv izdelka*\" value=\"\" type=\"text\" name=\"naziv\" \/><\/span><\/label>\n\t\t<\/p>\n\t<\/div>\n\t<div class=\"col-lg-6\">\n\t\t<p><label class=\"w-100\"><span class=\"wpcf7-form-control-wrap\" data-name=\"telefon\"><input size=\"40\" maxlength=\"400\" class=\"wpcf7-form-control wpcf7-text pix-my-5 shadow-0 bg-gray-2 youtube\" aria-invalid=\"false\" placeholder=\"Telefonska \u0161tevilka\" value=\"\" type=\"text\" name=\"telefon\" \/><\/span><\/label>\n\t\t<\/p>\n\t<\/div>\n\t<div class=\"col-lg-6\">\n\t\t<p><label class=\"w-100\"><span class=\"wpcf7-form-control-wrap\" data-name=\"trgovec\"><input size=\"40\" maxlength=\"400\" class=\"wpcf7-form-control wpcf7-text pix-my-5 shadow-0 bg-gray-2 instagram\" aria-invalid=\"false\" placeholder=\"Ime trgovine kjer ste opravili nakup\" value=\"\" type=\"text\" name=\"trgovec\" \/><\/span><\/label>\n\t\t<\/p>\n\t<\/div>\n\t<div class=\"col-lg-6\">\n\t\t<p><label class=\"w-100\"><span class=\"wpcf7-form-control-wrap\" data-name=\"stracuna\"><input size=\"40\" maxlength=\"400\" class=\"wpcf7-form-control wpcf7-text pix-my-5 shadow-0 bg-gray-2 youtube\" aria-invalid=\"false\" placeholder=\"\u0160tevilka ra\u010duna\" value=\"\" type=\"text\" name=\"stracuna\" \/><\/span><\/label>\n\t\t<\/p>\n\t<\/div>\n\t<div class=\"col-lg-6\">\n\t\t<p><label class=\"w-100\"><span class=\"wpcf7-form-control-wrap\" data-name=\"datumnakupa\"><input size=\"40\" maxlength=\"400\" class=\"wpcf7-form-control wpcf7-text pix-my-5 shadow-0 bg-gray-2 youtube\" aria-invalid=\"false\" placeholder=\"Datum nakupa\" value=\"\" type=\"text\" name=\"datumnakupa\" \/><\/span><\/label>\n\t\t<\/p>\n\t<\/div>\n\t<div class=\"col-12\">\n\t\t<p><label class=\"w-100\"><span class=\"wpcf7-form-control-wrap\" data-name=\"your-message\"><textarea cols=\"40\" rows=\"4\" maxlength=\"2000\" class=\"wpcf7-form-control wpcf7-textarea wpcf7-validates-as-required pix-my-5 shadow-0 bg-gray-2 form-control\" aria-required=\"true\" aria-invalid=\"false\" placeholder=\"Opis napake*\" name=\"your-message\"><\/textarea><\/span><\/label>\n\t\t<\/p>\n\t<\/div>\n<\/div>\n<p><label class=\"w-100\">Nalo\u017eite kopijo ra\u010duna* <span class=\"wpcf7-form-control-wrap\" data-name=\"file-298\"><input size=\"40\" class=\"wpcf7-form-control wpcf7-file\" accept=\".jpeg,.jpg,.png,.pdf,.gif,.mp4,.mp3\" aria-invalid=\"false\" type=\"file\" name=\"file-298\" \/><\/span> <\/label>\n<\/p>\n<p>&nbsp;\n<\/p>\n<p><label class=\"w-100\">Nalo\u017eite vsaj eno sliko*, kjer je vidna napaka<\/label><br \/>\n<span class=\"wpcf7-form-control-wrap\" data-name=\"file-299\"><input size=\"40\" class=\"wpcf7-form-control wpcf7-file\" accept=\".jpeg,.jpg,.png,.pdf,.gif\" aria-invalid=\"false\" type=\"file\" name=\"file-299\" \/><\/span><span class=\"wpcf7-form-control-wrap\" data-name=\"file-300\"><input size=\"40\" class=\"wpcf7-form-control wpcf7-file\" accept=\".jpeg,.jpg,.png,.pdf,.gif\" aria-invalid=\"false\" type=\"file\" name=\"file-300\" \/><\/span>\n<\/p>\n<p>&nbsp;\n<\/p>\n<p><label class=\"w-100\">Kratki video napake (format mp4, max 15 MB) ali dodatno sliko<\/label><br \/>\n<span class=\"wpcf7-form-control-wrap\" data-name=\"file-302\"><input size=\"40\" class=\"wpcf7-form-control wpcf7-file\" accept=\".jpeg,.jpg,.png,.pdf,.gif,.mp4,.mp3\" aria-invalid=\"false\" type=\"file\" name=\"file-302\" \/><\/span>\n<\/p>\n<p>&nbsp;\n<\/p>\n<p>Po kliku na gumb Ustvari zahtevek lahko traja nekaj sekund, da se slike nalo\u017eijo. Prosim ne zapirajte okna brskalnika dokler ne dobite potrditvenega sporo\u010dila. Hvala!\n<\/p>\n<p>&nbsp;\n<\/p>\n<p><input class=\"wpcf7-form-control wpcf7-submit has-spinner btn btn-primary text-white w-100 pix-mt-10 font-weight-bold btn-lg shadow-hover\" type=\"submit\" value=\"Ustvari zahtevek za reklamacijo\" \/>\n<\/p><\/div><div class=\"wpcf7-response-output\" aria-hidden=\"true\"><\/div>\n<\/form>\n<\/div>\n[vc_empty_space height=&#8221;95px&#8221;][\/vc_column][\/vc_row]<\/div>","protected":false},"excerpt":{"rendered":"[vc_section full_width=&#8221;stretch_row&#8221; pix_over_visibility=&#8221;&#8221; bottom_divider_select=&#8221;9&#8243; bottom_layers=&#8221;1&#8243; b_has_animation=&#8221;true&#8221; b_1_color=&#8221;#f8f9fa&#8221; top_divider_select=&#8221;9&#8243; top_layers=&#8221;1&#8243; t_1_color=&#8221;#f8f9fa&#8221; responsive_css=&#8221;{&#8220;pix_res_sm_pt&#8220;:&#8220;20&#8220;,&#8220;pix_res_sm_pb&#8220;:&#8220;20&#8220;,&#8220;pix_res_md_pt&#8220;:&#8220;40&#8220;,&#8220;pix_res_md_pb&#8220;:&#8220;40&#8220;}&#8221; css=&#8221;.vc_custom_1626777470796{padding-top: 20px !important;padding-bottom: 20px !important;background-color: rgba(0,0,0,0.03) !important;*background-color: rgb(0,0,0) !important;}&#8221; t_custom_height=&#8221;150px&#8221; b_custom_height=&#8221;150px&#8221;][vc_row pix_particles_check=&#8221;&#8221;][vc_column offset=&#8221;vc_hidden-sm vc_hidden-xs&#8221;][vc_empty_space height=&#8221;55px&#8221;][\/vc_column][\/vc_row][vc_row full_width=&#8221;stretch_row&#8221; content_placement=&#8221;middle&#8221; pix_particles_check=&#8221;&#8221; responsive_css=&#8221;{&#8220;pix_res_md_pt&#8220;:&#8220;40&#8220;,&#8220;pix_res_md_pb&#8220;:&#8220;40&#8220;}&#8221;][vc_column content_align=&#8221;text-center&#8221; css=&#8221;.vc_custom_1613527831148{padding-top: 20px !important;padding-bottom: 20px !important;}&#8221; offset=&#8221;vc_col-lg-offset-3 vc_col-lg-6 vc_col-md-offset-2 vc_col-md-8&#8243;][\/vc_column][\/vc_row][vc_row&#8230;","protected":false},"author":2,"featured_media":18430,"parent":0,"menu_order":0,"comment_status":"closed","ping_status":"closed","template":"","meta":{"footnotes":""},"class_list":["post-15781","page","type-page","status-publish","has-post-thumbnail","hentry"],"_links":{"self":[{"href":"https:\/\/uvi.gg\/sl\/wp-json\/wp\/v2\/pages\/15781","targetHints":{"allow":["GET"]}}],"collection":[{"href":"https:\/\/uvi.gg\/sl\/wp-json\/wp\/v2\/pages"}],"about":[{"href":"https:\/\/uvi.gg\/sl\/wp-json\/wp\/v2\/types\/page"}],"author":[{"embeddable":true,"href":"https:\/\/uvi.gg\/sl\/wp-json\/wp\/v2\/users\/2"}],"replies":[{"embeddable":true,"href":"https:\/\/uvi.gg\/sl\/wp-json\/wp\/v2\/comments?post=15781"}],"version-history":[{"count":13,"href":"https:\/\/uvi.gg\/sl\/wp-json\/wp\/v2\/pages\/15781\/revisions"}],"predecessor-version":[{"id":33319984891,"href":"https:\/\/uvi.gg\/sl\/wp-json\/wp\/v2\/pages\/15781\/revisions\/33319984891"}],"wp:featuredmedia":[{"embeddable":true,"href":"https:\/\/uvi.gg\/sl\/wp-json\/wp\/v2\/media\/18430"}],"wp:attachment":[{"href":"https:\/\/uvi.gg\/sl\/wp-json\/wp\/v2\/media?parent=15781"}],"curies":[{"name":"wp","href":"https:\/\/api.w.org\/{rel}","templated":true}]}}